{"id":476,"date":"2020-04-15T11:05:14","date_gmt":"2020-04-15T09:05:14","guid":{"rendered":"https:\/\/entretramites.com\/en\/?page_id=476"},"modified":"2023-08-08T12:45:30","modified_gmt":"2023-08-08T10:45:30","slug":"cookies-policy","status":"publish","type":"page","link":"https:\/\/entretramites.com\/en\/cookies-policy","title":{"rendered":"Cookies Policy"},"content":{"rendered":"\t\t<div data-elementor-type=\"wp-page\" data-elementor-id=\"476\" class=\"elementor elementor-476\" data-elementor-post-type=\"page\">\n\t\t\t\t\t\t<section class=\"elementor-section elementor-top-section elementor-element elementor-element-18f06aa5 elementor-section-boxed elementor-section-height-default elementor-section-height-default\" data-id=\"18f06aa5\" data-element_type=\"section\" data-e-type=\"section\">\n\t\t\t\t\t\t<div class=\"elementor-container elementor-column-gap-default\">\n\t\t\t\t\t<div class=\"elementor-column elementor-col-100 elementor-top-column elementor-element elementor-element-4d22fa17\" data-id=\"4d22fa17\" data-element_type=\"column\" data-e-type=\"column\">\n\t\t\t<div class=\"elementor-widget-wrap elementor-element-populated\">\n\t\t\t\t\t\t<div class=\"elementor-element elementor-element-45354899 elementor-widget elementor-widget-text-editor\" data-id=\"45354899\" data-element_type=\"widget\" data-e-type=\"widget\" data-widget_type=\"text-editor.default\">\n\t\t\t\t<div class=\"elementor-widget-container\">\n\t\t\t\t\t\t\t\t\t<p><span style=\"font-weight: 500;\">For all legal purposes the Spanish language version of the privacy policy, shall be the legally binding one. This English language version is a translation and may contain errors.<\/span><\/p>\n<p>\u00a0<\/p>\n<p><span style=\"font-weight: 400;\">In compliance with the provisions of article 22.2 of Law 34\/2002, of July 11, on Services of the Information Society and Electronic Commerce, this web page informs you, in this section, about the policy of collection and cookie treatment.<\/span><\/p>\n<p>\u00a0<\/p>\n<p><span style=\"font-weight: 600;\">WHAT ARE COOKIES?<\/span><\/p>\n<p>\u00a0<\/p>\n<p><span style=\"font-weight: 400;\">A cookie is a file that is downloaded to your computer when you access certain web pages. Cookies allow a web page, among other things, to store and retrieve information about the browsing habits of a user or their equipment and, depending on the information they contain and the way in which you use your equipment, they can be used to recognize the user.<\/span><\/p>\n<p>\u00a0<\/p>\n<p><span style=\"font-weight: 600;\">WHAT TYPES OF COOKIES DOES THIS WEB PAGE USE?<\/span><\/p>\n<p><span style=\"font-weight: 400;\">This website uses the following types of cookies:<\/span><\/p>\n<p>\u00a0<\/p>\n<p><span style=\"font-weight: 500;\">Analysis cookies:<\/span><span style=\"font-weight: 400;\"> They are those that, well treated by us or by third parties, allow us to quantify the number of users and thus carry out the measurement and statistical analysis of the use made by users of the service offered. To do this, your browsing on our page is analyzed.<\/span><\/p>\n<p><span style=\"font-weight: 400;\">website in order to improve the offer of products or services that we offer.<\/span><\/p>\n<p>\u00a0<\/p>\n<p><span style=\"font-weight: 500;\">Technical cookies<\/span><span style=\"font-weight: 400;\">: Son those that allow the user to navigate through the restricted area and use its different functions, such as exchanging the purchase process for an item.<\/span><\/p>\n<p>\u00a0<\/p>\n<p><span style=\"font-weight: 500;\">Personalization cookies<\/span><span style=\"font-weight: 400;\">: Are those that allow the user to access the service with some predefined general characteristics based on a series of criteria in the user&#8217;s terminal, such as the language or type of browser through which the service is connected.<\/span><\/p>\n<p>\u00a0<\/p>\n<p><span style=\"font-weight: 500;\">Advertising cookies:<\/span><span style=\"font-weight: 400;\"> They are those that, well treated by this website or by third parties, allow to manage in the most effective way possible the offer of the advertising spaces that are on the website, adapting the content of the advertisement to the content of the requested service or to the use made of it. our website. To do this, we can analyze your browsing habits on the Internet and we can show you advertising related to your browsing profile.<\/span><\/p>\n<p>\u00a0<\/p>\n<p><span style=\"font-weight: 500;\">Behavioral advertising cookies:<\/span><span style=\"font-weight: 400;\"> Son those that allow the management, in the most efficient way possible, of the advertising spaces that, where appropriate, the editor has included in a web page, application or platform from which the requested service is provided. This type of cookie stores information on the behavior of visitors obtained through continuous observation of their browsing habits, which allows the development of a specific profile to display advertising based on it.<\/span><\/p>\n<p><br \/><br \/><\/p>\n<p><span style=\"font-weight: 600;\">DISABLE COOKIES.<\/span><\/p>\n<p>\u00a0<\/p>\n<p><span style=\"font-weight: 400;\">You can allow, block or delete the cookies installed on your computer by configuring the options of the browser installed on your computer.<\/span><\/p>\n<p><span style=\"font-weight: 400;\">Most web browsers offer the possibility of allowing, blocking or deleting cookies installed on your computer.<\/span><\/p>\n<p>\u00a0<\/p>\n<p><span style=\"font-weight: 400;\">Below you can access the settings of the most frequent web browsers to accept, install or disable cookies:<\/span><\/p>\n<p>\u00a0<\/p>\n<p><a href=\"https:\/\/support.google.com\/chrome\/answer\/95647?hl=es\" rel=\"nofollow noopener\" target=\"_blank\"><span style=\"font-weight: 400;\">Configure cookies in Google Chrome<\/span><\/a><\/p>\n<p><a href=\"https:\/\/support.microsoft.com\/es-es\/windows\" rel=\"nofollow noopener\" target=\"_blank\"><span style=\"font-weight: 400;\">Configuring cookies in Microsoft Internet Explorer<\/span><\/a><\/p>\n<p><a href=\"https:\/\/support.mozilla.org\/es\/kb\/habilitar-y-deshabilitar-cookies-sitios-web-rastrear-preferencias?redirectlocale=es&amp;redirectslug=habilitar-y-deshabilitar-cookies-que-los-sitios-we\" rel=\"nofollow noopener\" target=\"_blank\"><span style=\"font-weight: 400;\">Configuring cookies in Mozilla Firefox<\/span><\/a><\/p>\n<p><a href=\"https:\/\/support.apple.com\/es-es\/HT201265\" rel=\"nofollow noopener\" target=\"_blank\"><span style=\"font-weight: 400;\">Configuring cookies in Safari (Apple)<\/span><\/a><\/p>\n<p>\u00a0<\/p>\n<p><span style=\"font-weight: 600;\">THIRD PARTY COOKIES.<\/span><\/p>\n<p>\u00a0<\/p>\n<p><span style=\"font-weight: 400;\">This website uses third-party services to collect information for statistical and reporting purposes.<\/span><\/p>\n<p><span style=\"font-weight: 400;\">Use of the website DoubleClick cookies are used to improve the advertising that is included on the website. They are used to target advertising according to the content that is relevant to a user, thus improving the quality of experience in its use.<\/span><\/p>\n<p><span style=\"font-weight: 400;\">Specifically, we use the services of Google Adsense and Google Analytics for our statistics and advertising. Some cookies are essential for the operation of the site, for example the built-in browser.<\/span><\/p>\n<p><span style=\"font-weight: 400;\">Our site includes other functionality provided by third parties. You can easily share the content on social networks such as Facebook, Twitter, Whatsapp or LinkedIn, with the buttons that we have included for this purpose.<\/span><\/p>\n<p>\u00a0<\/p>\n<p><span style=\"font-weight: 600;\">WARNING ABOUT DELETING COOKIES.<\/span><\/p>\n<p><span style=\"font-weight: 400;\">You can delete and block all cookies on this site, but part of the site will not work or the quality of the web page may be affected.<\/span><\/p>\n<p><span style=\"font-weight: 400;\">If you have any questions about our cookie policy, you can contact this website through our communication channels.Contact.<\/span><\/p>\n<p>\u00a0<\/p>\n<p><span style=\"font-weight: 600;\">PURPOSE OF COOKIES.<\/span><\/p>\n<p>\u00a0<\/p>\n<p><span style=\"font-weight: 400;\">There is a classification with five types of cookies according to the purpose for which the data obtained is processed:<\/span><\/p>\n<p>\u00a0<\/p>\n<p><span style=\"font-weight: 500;\">Technical cookies:<\/span><span style=\"font-weight: 400;\"> those that allow the user to navigate through a web page, platform or application and the use of the different options or services that exist in it, such as, for example, controlling traffic and data communication, identifying the session, accessing parts of restricted access, remember the elements that make up an order, carry out the purchase process of an order, apply for registration or participation in an event, use security elements while browsing, store content for video or sound broadcasting or share content through social networks.<\/span><\/p>\n<p><span style=\"font-weight: 500;\">Personalization cookies:<\/span><span style=\"font-weight: 400;\"> allow the user to access the service with some predefined general characteristics based on a series of criteria in the user&#8217;s terminal, such as the language, the type of browser through which the service is accessed, the regional configuration from which the user accesses to the service, etc.<\/span><\/p>\n<p><span style=\"font-weight: 500;\">Analysis cookies:<\/span><span style=\"font-weight: 400;\">They allow the person responsible for them to monitor and analyze the behavior of the users of the websites to which they are linked. The information collected through this type of cookie is used to measure the activity of the websites, applications or platforms and to create browsing profiles for the users of said sites.<\/span><\/p>\n<p><span style=\"font-weight: 400;\">sites, applications and platforms, in order to introduce improvements based on the analysis of the usage data made by users of the service.<\/span><\/p>\n<p><span style=\"font-weight: 500;\">Advertising cookies:<\/span><span style=\"font-weight: 400;\"> They allow the management, in the most efficient way possible, of advertising spaces.<\/span><\/p>\n<p><span style=\"font-weight: 500;\">Behavioral advertising cookies:<\/span><span style=\"font-weight: 400;\"> store information on the behavior of users obtained through the continuous observation of their browsing habits, which allows the development of a profile specific to display advertising based on it.<\/span><\/p>\n<p><span style=\"font-weight: 500;\">External social network cookies<\/span><span style=\"font-weight: 400;\">: are used so that visitors can interact with the content of different social platforms (facebook, youtube,twitter, linkedIn, etc..) and that are generated only for the users of said social networks. The conditions of use of these cookies and the information collected are regular by the privacy policy of the corresponding social platform.<\/span><\/p>\t\t\t\t\t\t\t\t<\/div>\n\t\t\t\t<\/div>\n\t\t\t\t\t<\/div>\n\t\t<\/div>\n\t\t\t\t\t<\/div>\n\t\t<\/section>\n\t\t\t\t<section class=\"elementor-section elementor-top-section elementor-element elementor-element-9e7b9c6 elementor-section-boxed elementor-section-height-default elementor-section-height-default\" data-id=\"9e7b9c6\" data-element_type=\"section\" data-e-type=\"section\">\n\t\t\t\t\t\t<div class=\"elementor-container elementor-column-gap-default\">\n\t\t\t\t\t<div class=\"elementor-column elementor-col-100 elementor-top-column elementor-element elementor-element-8828747\" data-id=\"8828747\" data-element_type=\"column\" data-e-type=\"column\">\n\t\t\t<div class=\"elementor-widget-wrap elementor-element-populated\">\n\t\t\t\t\t\t<div class=\"elementor-element elementor-element-a31020c elementor-widget elementor-widget-text-editor\" data-id=\"a31020c\" data-element_type=\"widget\" data-e-type=\"widget\" data-widget_type=\"text-editor.default\">\n\t\t\t\t<div class=\"elementor-widget-container\">\n\t\t\t\t\t\t\t\t\t<p>Last update: 08\/08\/2023<\/p>\t\t\t\t\t\t\t\t<\/div>\n\t\t\t\t<\/div>\n\t\t\t\t\t<\/div>\n\t\t<\/div>\n\t\t\t\t\t<\/div>\n\t\t<\/section>\n\t\t\t\t<\/div>\n\t\t","protected":false},"excerpt":{"rendered":"<p>Desde Entre Tr\u00e1mites deseamos informarte que nuestra p\u00e1gina web utiliza cookies para analizar la navegaci\u00f3n de usuarios. M\u00e1s informaci\u00f3n.<\/p>\n","protected":false},"author":3,"featured_media":0,"parent":0,"menu_order":0,"comment_status":"closed","ping_status":"closed","template":"","meta":{"_acf_changed":false,"footnotes":""},"class_list":["post-476","page","type-page","status-publish","hentry"],"acf":[],"_links":{"self":[{"href":"https:\/\/entretramites.com\/en\/wp-json\/wp\/v2\/pages\/476","targetHints":{"allow":["GET"]}}],"collection":[{"href":"https:\/\/entretramites.com\/en\/wp-json\/wp\/v2\/pages"}],"about":[{"href":"https:\/\/entretramites.com\/en\/wp-json\/wp\/v2\/types\/page"}],"author":[{"embeddable":true,"href":"https:\/\/entretramites.com\/en\/wp-json\/wp\/v2\/users\/3"}],"replies":[{"embeddable":true,"href":"https:\/\/entretramites.com\/en\/wp-json\/wp\/v2\/comments?post=476"}],"version-history":[{"count":5,"href":"https:\/\/entretramites.com\/en\/wp-json\/wp\/v2\/pages\/476\/revisions"}],"predecessor-version":[{"id":30037,"href":"https:\/\/entretramites.com\/en\/wp-json\/wp\/v2\/pages\/476\/revisions\/30037"}],"wp:attachment":[{"href":"https:\/\/entretramites.com\/en\/wp-json\/wp\/v2\/media?parent=476"}],"curies":[{"name":"wp","href":"https:\/\/api.w.org\/{rel}","templated":true}]}}