{"id":4146,"date":"2020-08-13T11:02:51","date_gmt":"2020-08-13T09:02:51","guid":{"rendered":"https:\/\/entretramites.com\/en\/?page_id=4146"},"modified":"2023-12-21T14:52:48","modified_gmt":"2023-12-21T13:52:48","slug":"legal-notice","status":"publish","type":"page","link":"https:\/\/entretramites.com\/en\/legal-notice","title":{"rendered":"Legal Notice"},"content":{"rendered":"\t\t<div data-elementor-type=\"wp-page\" data-elementor-id=\"4146\" class=\"elementor elementor-4146\" data-elementor-post-type=\"page\">\n\t\t\t\t\t\t<section class=\"elementor-section elementor-top-section elementor-element elementor-element-6844be0f elementor-section-boxed elementor-section-height-default elementor-section-height-default\" data-id=\"6844be0f\" data-element_type=\"section\" data-e-type=\"section\">\n\t\t\t\t\t\t<div class=\"elementor-container elementor-column-gap-default\">\n\t\t\t\t\t<div class=\"elementor-column elementor-col-100 elementor-top-column elementor-element elementor-element-e897480\" data-id=\"e897480\" data-element_type=\"column\" data-e-type=\"column\">\n\t\t\t<div class=\"elementor-widget-wrap elementor-element-populated\">\n\t\t\t\t\t\t<div class=\"elementor-element elementor-element-7fa7289a elementor-widget elementor-widget-text-editor\" data-id=\"7fa7289a\" data-element_type=\"widget\" data-e-type=\"widget\" data-widget_type=\"text-editor.default\">\n\t\t\t\t<div class=\"elementor-widget-container\">\n\t\t\t\t\t\t\t\t\t<p><span style=\"font-weight: 500;\">For all legal purposes the Spanish language version of the Legal Notice, shall be the legally binding one. This English language version is a translation and may contain errors.<\/span><\/p><p><span style=\"font-weight: 600;\">Introduction and data of the company<\/span><\/p><p><span style=\"font-weight: 400;\">These provisions regulate the use of the Internet portal service accessible through the url www.entretramites.com (hereinafter, the \u201cPortal\u201d) that ENTRE TR\u00c1MITES LIMITED (hereinafter, \u201cENTRE TR\u00c1MITES\u201d) makes available to Internet users.<\/span><\/p><ul><li style=\"font-weight: 400;\" aria-level=\"1\"><span style=\"font-weight: 400;\">Identity of the Responsible: BEAT BUREAUCRACY ET, SL<\/span><\/li><li style=\"font-weight: 400;\" aria-level=\"1\"><span style=\"font-weight: 400;\">Commercial name: ENTRETR\u00c1MITES<\/span><\/li><li style=\"font-weight: 400;\" aria-level=\"1\"><span style=\"font-weight: 400;\">Company Number: B01944743<\/span><\/li><li style=\"font-weight: 400;\" aria-level=\"1\"><span style=\"font-weight: 400;\">Address: Calle Mar\u00eda de Molina, 39, 3\u00aa P, 28006 Madrid, Spain.<\/span><\/li><li style=\"font-weight: 400;\" aria-level=\"1\"><span style=\"font-weight: 400;\">Email: info@entretramites.com<\/span><\/li><li style=\"font-weight: 400;\" aria-level=\"1\"><span style=\"font-weight: 400;\">Activity: Consultancy<\/span><\/li><\/ul><p><span style=\"font-weight: 400;\">Simple access, Navigation and use of the Portal attributes the condition of user of the same (hereinafter, the \u201cUser\u201d) and implies acceptance of the current Legal Notice published at all times on the Portal. The User must carefully read this Legal Notice on each of the occasions on which they intend to use the Portal, since it and its conditions of use contained in this Legal Notice may be modified.<\/span><\/p><p><span style=\"font-weight: 400;\">Some Portal services accessible to Internet users or exclusive for ENTRE TR\u00c1MITES clients may be subject to specific conditions, regulations and instructions that, where appropriate, replace, complete and \/ or modify this Legal Notice and that must be accepted by the User before starting the service. correspondent.<\/span><\/p><p><span style=\"font-weight: 400;\">The information contained and accessible through this Portal is provided by ENTRE TR\u00c1MITES in order to provide the user with information of general interest (the \u201cContents\u201d).<\/span><\/p><p><span style=\"font-weight: 600;\">Access and use of the Portal:<\/span><\/p><p><span style=\"font-weight: 400;\">General access and navigation through the Portal does not require prior registration, except for those functionalities and \/ or services that require it, in which case it will be necessary to provide certain information through the forms provided for that purpose.<\/span><\/p><p><span style=\"font-weight: 400;\">The User agrees to use the Contents in accordance with the Law and this Legal Notice, as well as with the other conditions, regulations and instructions that may be applicable. By way of example, the User in accordance with current legislation must refrain from:<\/span><\/p><ul><li style=\"font-weight: 400;\" aria-level=\"1\"><span style=\"font-weight: 400;\">Reproducing, copying, distributing, making available, publicly communicating, transforming or modifying the Contents except in cases authorized by law or expressly consented to by ENTRE TR\u00c1MITES or by whoever holds the ownership of the exploitation rights, if applicable.<\/span><\/li><li style=\"font-weight: 400;\" aria-level=\"1\"><span style=\"font-weight: 400;\">Reproducing or copying for private use the Contents that may be considered as software or database in accordance with current legislation on intellectual property, as well as their public communication or making them available to third parties when these acts necessarily imply reproduction by part of the User or a third party.<\/span><\/li><li style=\"font-weight: 400;\" aria-level=\"1\"><span style=\"font-weight: 400;\">Extract and \/ or reuse all or a substantial part of the Contents as well as the databases that ENTRE TR\u00c1MITES makes available to Users.<\/span><\/li><li style=\"font-weight: 400;\" aria-level=\"1\"><span style=\"font-weight: 400;\">ENTRE TR\u00c1MITES reserves the right to modify, suspend, cancel or restrict the content of the Portal, the links or the information obtained through it, without the need for prior notice.<\/span><\/li><li style=\"font-weight: 400;\" aria-level=\"1\"><span style=\"font-weight: 400;\">It is prohibited to transmit or send through the Portal any illegal or illicit content, computer viruses, or messages that, in general, affect or violate the rights of ENTRE TR\u00c1MITES or third parties.<\/span><\/li><\/ul><p><span style=\"font-weight: 600;\">Intellectual and Industrial Property<\/span><\/p><p><span style=\"font-weight: 400;\">Since the Contents (including, without limitation, databases, images, photographs, patents, utility and industrial models, drawings, graphics, text files, audio, video and software) of this Portal are protected By copyright and trademark, the unauthorized use of any Content included in the Portal may violate copyright, trademark or other industrial and intellectual property rights protected by applicable law. The compilation (understood as obtaining, design, arrangement and assembly) of all the content of the Portal is the exclusive property of ENTRE TR\u00c1MITES, and is protected by the applicable regulations on industrial and intellectual property.<\/span><\/p><p><span style=\"font-weight: 400;\">All software, texts, graphic drawings, videos or audio supports used in the use and development of the Website is the property of ENTRE TR\u00c1MITES or its software providers and is protected by industrial and intellectual property laws. Illustrations have been taken from icons8.<\/span><\/p><p><span style=\"font-weight: 400;\">The making available to users of databases, images, photographs, patents, utility and industrial models, drawings, graphics, text files, audio, video and software owned by ENTRE TR\u00c1MITES or its suppliers through the Portal or that appear in the same does not imply, in any case, the transfer of ownership or the granting of a right of exploitation in favor of the user other than the use that involves the legitimate use and in accordance with the nature of the Portal.<\/span><\/p><p><span style=\"font-weight: 400;\">If the User downloads Content from the Portal for personal or non-commercial use, he must keep all copyright, trademark or other similar notices included in the original material or in any copy of the material.<\/span><\/p><p><span style=\"font-weight: 400;\">It is forbidden to reproduce, disseminate, transform, transmit by any means, subsequent publication, exhibition, public communication or total or partial representation, modify or delete the information, the Contents or warnings of this Portal without the prior written authorization of ENTRE TR\u00c1MITES. If it occurs, the sanctioning regime for infringements of the intellectual property rights of ENTRE TR\u00c1MITES will be followed, protected by current legislation.<\/span><\/p><p><span style=\"font-weight: 400;\">ENTRE TR\u00c1MITES and the ENTRE TR\u00c1MITES logo are registered trademarks of ENTRE TR\u00c1MITES LIMITED, as well as the labels, distinctive signs or logos. The use of these brands requires the express authorization of ENTRE TR\u00c1MITES or a member firm of ENTRE TR\u00c1MITES, as well as a license agreement expressly agreed by the parties. The unauthorized use of these trademarks or other registered trademarks of ENTRE TR\u00c1MITES could be subject to legal proceedings to the maximum extent possible contemplated by law. To request such authorization in writing, please contact us through the \u00abContact\u00bb form or at the address <\/span><a href=\"mailto:info@entretramites.com\"><span style=\"font-weight: 400;\">info@entretramites.com<\/span><\/a><\/p><p><span style=\"font-weight: 600;\">License About Communications<\/span><\/p><p><span style=\"font-weight: 400;\">The User guarantees, regarding any information sent to ENTRE TR\u00c1MITES through any of the channels arranged for this purpose (including the instant messaging service, telephone calls, email, or others that the User may make available for such purposes), that the User holds the rights required for this, not infringing any industrial property rights and \/ or intellectual, patent, trademark, trade secret, or any other rights of third parties.<\/span><\/p><p><span style=\"font-weight: 400;\">The User assumes responsibility and will hold ENTRE TR\u00c1MITES harmless with respect to any communication sent, personally or on his behalf, reaching said responsibility without any restriction on the accuracy, legality, originality and ownership thereof.<\/span><\/p><p><span style=\"font-weight: 600;\">Responsibility<\/span><\/p><p><span style=\"font-weight: 400;\">Access to the Portal does not imply an obligation on the part of ENTRE TR\u00c1MITES to verify the veracity, accuracy, adequacy, suitability, completeness and timeliness of the Contents provided through it.<\/span><\/p><p><span style=\"font-weight: 400;\">Likewise, the Contents accessible through the Portal will only have informational effects and should not be used as a basis for decision-making. For this reason, ENTRE TR\u00c1MITES does not assume any obligation with respect to the User. Any decision made by the User, based on said Contents, will be understood under his \/ her sole responsibility and fully assuming the risks that may arise from it.<\/span><\/p><p><span style=\"font-weight: 400;\">In no case ENTRE TR\u00c1MITES, nor its partners, directors, managers, agents or employees will be responsible for direct, indirect, incidental, special, exemplary, punitive, consequential damages or of any other type (including, but not limited to, liability for loss of use, data or benefits), regardless of the type of act, including but not limited to, contracts, negligence or other civil unlawful acts arising from or related to the Portal, with the Contents or other content that has been accessed through the Portal, as well as by copying, viewing or any other type of use thereof.<\/span><\/p><p><span style=\"font-weight: 400;\">In no case, ENTRE TR\u00c1MITES, its branches, and \/ or its administrators, employees and authorized personnel will be responsible for any type of damage, loss, claim or expense of any kind, whether or not they come from the use of the Portal, the Contents acquired or accessed by or through it, computer viruses, operational failures or interruptions in service or transmission, or line failures; The use of the Portal, both by direct connection and by link or other means, constitutes a notice to any User that these possibilities may occur.<\/span><\/p><p><span style=\"font-weight: 400;\">ENTRE TR\u00c1MITES does not assume any responsibility for any damage that may be caused to Users\u2019 equipment by possible computer viruses contracted by the User as a result of browsing the Portal, or for any other damage derived from such browsing.<\/span><\/p><p><span style=\"font-weight: 400;\">ENTRE TR\u00c1MITES does not offer any guarantee in relation to the continuity or absence of errors in any of the Contents accessible through the Portal, in addition to not guaranteeing the correction of any defect or the absence of viruses and other harmful components in this Portal or in the server that supplies it.<\/span><\/p><p><span style=\"font-weight: 400;\">Consequently, the services provided through the Portal may be suspended, canceled or inaccessible, prior to or simultaneously with the provision of the Portal service.<\/span><\/p><p><span style=\"font-weight: 600;\">Links to third party web content<\/span><\/p><p><span style=\"font-weight: 400;\">The Portal access service includes links that allow the User to access other Internet pages and portals, outside ENTRE TR\u00c1MITES. In these cases, ENTRE TR\u00c1MITES does not control or is responsible for any of said sites or their content since it acts as a provider of intermediation services in accordance with article 17 of Law 34\/2002, of July 12, on Services of The Information Society and Electronic Commerce (\u201cLSSI\u201d) being solely responsible for the content and services provided in the links to the extent that it has effective knowledge of the illegality and has not deactivated the link with due diligence.<\/span><\/p><p><span style=\"font-weight: 400;\">ENTRE TR\u00c1MITES is not responsible for external websites that can be accessed through links (\u201clinks\u201d) or for any content made available by third parties. Any use of a link or access to a third party website is made at the User\u2019s sole risk and will. ENTRE TR\u00c1MITES does not recommend or guarantee any information obtained by, or through, a link, nor is it responsible for any loss, claim or damage arising from the use or misuse of a link, or the information obtained through it, including others links or websites, the interruption in the service or access, or the attempt to use or misuse a link, both when accessing the Portal, and when accessing information on other websites from it. The establishment of any type of link from the Portal to a third party website will not entail in any case the existence of a relationship, collaboration or dependence between ENTRE TR\u00c1MITES and the owner of the third party website.<\/span><\/p><p><span style=\"font-weight: 400;\">In the event that ENTRE TR\u00c1MITES has effective knowledge that the activity or information to which it is referred from said links is illegal, constitutes a crime or may damage the property or rights of a third party, it will act with the necessary diligence to suppress or disable the corresponding link as soon as possible. Likewise, if the User had effective knowledge of the illegality of activities carried out through these third party web pages, they must immediately notify the Entity so that the access link to it may be disabled.<\/span><\/p><p><span style=\"font-weight: 400;\">Links to contents of the Portal from third-party websites<\/span><\/p><p><span style=\"font-weight: 400;\">It is strictly forbidden to establish links to the Portal from web pages that contain materials, information or illegal, illegal, degrading, obscene content, and in general, that contravene morality, public order or the generally accepted social norms.<\/span><\/p><p><span style=\"font-weight: 400;\">The reproduction on third party pages of the contents of the Portal, its inclusion as part of its website or within one of its frames or creating a browser, will require prior express authorization from ENTRE TR\u00c1MITES<\/span><\/p><p><span style=\"font-weight: 400;\">Inclusion on third party pages of the brand, name, commercial name, label, logo, slogan or any other type of identifying element of ENTRE TR\u00c1MITES and \/ or the Portal, will require prior express authorization from ENTRE TR\u00c1MITES.<\/span><\/p><p><b>Reporting of irregularities<\/b><\/p><p><span style=\"font-weight: 400;\">In order to report irregularities regarding compliance with this Legal Notice or any applicable regulations, the email address www.entretramites.com or the telephone number is available 930 185 237<\/span><\/p><p><span style=\"font-weight: 600;\">Privacy Policy<\/span><\/p><p><span style=\"font-weight: 400;\">The processing of personal data that may be carried out at Through the Portal will be governed by the provisions of the Privacy Policy, accessible at all times from the Portal, being an integral part of this Legal Notice.<\/span><\/p><p><span style=\"font-weight: 600;\">Cookies Policy<\/span><\/p><p><span style=\"font-weight: 400;\">The use of data storage and recovery devices, also known as cookies or similar technologies, through the Portal will be governed by the provisions of the Cookies Policy, accessible at all times from the Portal, being an integral part of this Legal warning.<\/span><\/p><p><span style=\"font-weight: 600;\">Generalities and prevalence of provisions<\/span><\/p><p><span style=\"font-weight: 400;\">The headings of the different clauses are only informative, and will not affect, qualify or expand the interpretation of the Legal Notice.<\/span><\/p><p><span style=\"font-weight: 400;\">The non-exercise or execution by ENTRE TR\u00c1MITES of any right or provision contained in this Legal Notice will not constitute a waiver thereof, unless there is acknowledgment and written agreement on its part.<\/span><\/p><p><span style=\"font-weight: 400;\">In the event of a discrepancy between the provisions of this Legal Notice and the general and \/ or particular conditions of each specific service, the provisions of the latter shall prevail.<\/span><\/p><p><span style=\"font-weight: 400;\">In the event that any provision or provisions of this Legal Notice were considered invalid or unenforceable, in whole or in part, by any Court, Tribunal or competent administrative body, said nullity or inapplication will not affect the other provisions of the Legal Notice.<\/span><\/p><p><span style=\"font-weight: 600;\">Jurisdiction<\/span><\/p><p><span style=\"font-weight: 400;\">The relationships established between ENTRE TR\u00c1MITES and the User will be governed by the provisions of current Spanish regulations. ENTRE TR\u00c1MITES and the User, expressly waiving any other jurisdiction that may correspond to them, will submit any controversies and \/ or litigation to the knowledge of the Courts and Tribunals of the city of Barcelona.<\/span><\/p><p><span style=\"font-weight: 400;\">I<\/span><a href=\"https:\/\/icons8.com\/\" rel=\"nofollow noopener\" target=\"_blank\"><span style=\"font-weight: 400;\">llustrations taken from Freepick<\/span><\/a><\/p>\t\t\t\t\t\t\t\t<\/div>\n\t\t\t\t<\/div>\n\t\t\t\t\t<\/div>\n\t\t<\/div>\n\t\t\t\t\t<\/div>\n\t\t<\/section>\n\t\t\t\t<\/div>\n\t\t","protected":false},"excerpt":{"rendered":"<p>For all legal purposes the Spanish language version of the Legal Notice, shall be the legally binding one. This English language version is a translation and may contain errors. Introduction and data of the company These provisions regulate the use of the Internet portal service accessible through the url www.entretramites.com (hereinafter, the \u201cPortal\u201d) that ENTRE [&hellip;]<\/p>\n","protected":false},"author":3,"featured_media":0,"parent":0,"menu_order":0,"comment_status":"closed","ping_status":"closed","template":"","meta":{"_acf_changed":false,"footnotes":""},"class_list":["post-4146","page","type-page","status-publish","hentry"],"acf":[],"_links":{"self":[{"href":"https:\/\/entretramites.com\/en\/wp-json\/wp\/v2\/pages\/4146","targetHints":{"allow":["GET"]}}],"collection":[{"href":"https:\/\/entretramites.com\/en\/wp-json\/wp\/v2\/pages"}],"about":[{"href":"https:\/\/entretramites.com\/en\/wp-json\/wp\/v2\/types\/page"}],"author":[{"embeddable":true,"href":"https:\/\/entretramites.com\/en\/wp-json\/wp\/v2\/users\/3"}],"replies":[{"embeddable":true,"href":"https:\/\/entretramites.com\/en\/wp-json\/wp\/v2\/comments?post=4146"}],"version-history":[{"count":10,"href":"https:\/\/entretramites.com\/en\/wp-json\/wp\/v2\/pages\/4146\/revisions"}],"predecessor-version":[{"id":49754,"href":"https:\/\/entretramites.com\/en\/wp-json\/wp\/v2\/pages\/4146\/revisions\/49754"}],"wp:attachment":[{"href":"https:\/\/entretramites.com\/en\/wp-json\/wp\/v2\/media?parent=4146"}],"curies":[{"name":"wp","href":"https:\/\/api.w.org\/{rel}","templated":true}]}}