{"id":41368,"date":"2024-04-23T13:41:16","date_gmt":"2024-04-23T11:41:16","guid":{"rendered":"https:\/\/entretramites.com\/en\/?page_id=41368"},"modified":"2024-04-25T18:51:03","modified_gmt":"2024-04-25T16:51:03","slug":"video-how-to-fill-out-form-ex06","status":"publish","type":"page","link":"https:\/\/entretramites.com\/en\/tutorials\/video-how-to-fill-out-form-ex06","title":{"rendered":"How to fill out Form EX06: Application for a residence and work permit for a fixed-term employee"},"content":{"rendered":"\t\t<div data-elementor-type=\"wp-page\" data-elementor-id=\"41368\" class=\"elementor elementor-41368\" data-elementor-post-type=\"page\">\n\t\t\t\t\t\t<section class=\"elementor-section elementor-top-section elementor-element elementor-element-bd0f93d elementor-section-boxed elementor-section-height-default elementor-section-height-default\" data-id=\"bd0f93d\" data-element_type=\"section\" data-e-type=\"section\">\n\t\t\t\t\t\t<div class=\"elementor-container elementor-column-gap-default\">\n\t\t\t\t\t<div class=\"elementor-column elementor-col-100 elementor-top-column elementor-element elementor-element-881f2f0\" data-id=\"881f2f0\" data-element_type=\"column\" data-e-type=\"column\">\n\t\t\t<div class=\"elementor-widget-wrap elementor-element-populated\">\n\t\t\t\t\t\t<div class=\"elementor-element elementor-element-2a1c204 elementor-grid-1 elementor-grid-tablet-1 elementor-posts--thumbnail-left elementor-grid-mobile-1 elementor-widget elementor-widget-posts\" data-id=\"2a1c204\" data-element_type=\"widget\" data-e-type=\"widget\" data-settings=\"{&quot;classic_columns&quot;:&quot;1&quot;,&quot;classic_columns_tablet&quot;:&quot;1&quot;,&quot;classic_row_gap&quot;:{&quot;unit&quot;:&quot;px&quot;,&quot;size&quot;:&quot;50&quot;,&quot;sizes&quot;:[]},&quot;classic_columns_mobile&quot;:&quot;1&quot;,&quot;classic_row_gap_tablet&quot;:{&quot;unit&quot;:&quot;px&quot;,&quot;size&quot;:&quot;&quot;,&quot;sizes&quot;:[]},&quot;classic_row_gap_mobile&quot;:{&quot;unit&quot;:&quot;px&quot;,&quot;size&quot;:&quot;&quot;,&quot;sizes&quot;:[]}}\" data-widget_type=\"posts.classic\">\n\t\t\t\t<div class=\"elementor-widget-container\">\n\t\t\t\t\t\t\t<div class=\"elementor-posts-container elementor-posts elementor-posts--skin-classic elementor-grid\" role=\"list\">\n\t\t\t\t<article class=\"elementor-post elementor-grid-item post-1315 page type-page status-publish has-post-thumbnail hentry\" role=\"listitem\">\n\t\t\t\t<a class=\"elementor-post__thumbnail__link\" href=\"https:\/\/entretramites.com\/en\/downloadables\/immigration-forms\/form-ex06\" tabindex=\"-1\" >\n\t\t\t<div class=\"elementor-post__thumbnail\"><img fetchpriority=\"high\" decoding=\"async\" width=\"300\" height=\"169\" src=\"https:\/\/entretramites.com\/en\/wp-content\/uploads\/2023\/02\/Form-EX06-300x169.webp\" class=\"attachment-medium size-medium wp-image-16830\" alt=\"example of form ex06\" srcset=\"https:\/\/entretramites.com\/en\/wp-content\/uploads\/2023\/02\/Form-EX06-300x169.webp 300w, https:\/\/entretramites.com\/en\/wp-content\/uploads\/2023\/02\/Form-EX06.webp 500w\" sizes=\"(max-width: 300px) 100vw, 300px\" \/><\/div>\n\t\t<\/a>\n\t\t\t\t<div class=\"elementor-post__text\">\n\t\t\t\t<h3 class=\"elementor-post__title\">\n\t\t\t<a href=\"https:\/\/entretramites.com\/en\/downloadables\/immigration-forms\/form-ex06\" >\n\t\t\t\tForm EX06: Application for a residence and work permit for a fixed-term employee\t\t\t<\/a>\n\t\t<\/h3>\n\t\t\t\t<div class=\"elementor-post__excerpt\">\n\t\t\t<p>Descargate el modelo EX06 de Extranjer\u00eda, para realizar la solicitud de autorizaci\u00f3n de residencia temporal y trabajo cuenta ajena de duraci\u00f3n determinada<\/p>\n\t\t<\/div>\n\t\t\n\t\t<a class=\"elementor-post__read-more\" href=\"https:\/\/entretramites.com\/en\/downloadables\/immigration-forms\/form-ex06\" aria-label=\"Read more about Form EX06: Application for a residence and work permit for a fixed-term employee\" tabindex=\"-1\" >\n\t\t\tREAD MORE \u00bb\t\t<\/a>\n\n\t\t\t\t<\/div>\n\t\t\t\t<\/article>\n\t\t\t\t<\/div>\n\t\t\n\t\t\t\t\t\t<\/div>\n\t\t\t\t<\/div>\n\t\t\t\t\t<\/div>\n\t\t<\/div>\n\t\t\t\t\t<\/div>\n\t\t<\/section>\n\t\t\t\t<\/div>\n\t\t","protected":false},"excerpt":{"rendered":"<p>How to fill out Form EX06: Application for a residence and work permit for a fixed-term employee in Spain? Learn more in our video tutorial!<\/p>\n","protected":false},"author":1,"featured_media":16830,"parent":38078,"menu_order":0,"comment_status":"closed","ping_status":"closed","template":"","meta":{"_acf_changed":false,"footnotes":""},"class_list":["post-41368","page","type-page","status-publish","has-post-thumbnail","hentry"],"acf":[],"_links":{"self":[{"href":"https:\/\/entretramites.com\/en\/wp-json\/wp\/v2\/pages\/41368","targetHints":{"allow":["GET"]}}],"collection":[{"href":"https:\/\/entretramites.com\/en\/wp-json\/wp\/v2\/pages"}],"about":[{"href":"https:\/\/entretramites.com\/en\/wp-json\/wp\/v2\/types\/page"}],"author":[{"embeddable":true,"href":"https:\/\/entretramites.com\/en\/wp-json\/wp\/v2\/users\/1"}],"replies":[{"embeddable":true,"href":"https:\/\/entretramites.com\/en\/wp-json\/wp\/v2\/comments?post=41368"}],"version-history":[{"count":9,"href":"https:\/\/entretramites.com\/en\/wp-json\/wp\/v2\/pages\/41368\/revisions"}],"predecessor-version":[{"id":41852,"href":"https:\/\/entretramites.com\/en\/wp-json\/wp\/v2\/pages\/41368\/revisions\/41852"}],"up":[{"embeddable":true,"href":"https:\/\/entretramites.com\/en\/wp-json\/wp\/v2\/pages\/38078"}],"wp:featuredmedia":[{"embeddable":true,"href":"https:\/\/entretramites.com\/en\/wp-json\/wp\/v2\/media\/16830"}],"wp:attachment":[{"href":"https:\/\/entretramites.com\/en\/wp-json\/wp\/v2\/media?parent=41368"}],"curies":[{"name":"wp","href":"https:\/\/api.w.org\/{rel}","templated":true}]}}