{"id":41245,"date":"2024-04-23T13:32:32","date_gmt":"2024-04-23T11:32:32","guid":{"rendered":"https:\/\/entretramites.com\/en\/?page_id=41245"},"modified":"2024-07-18T17:07:33","modified_gmt":"2024-07-18T15:07:33","slug":"video-how-to-fill-out-modelo-ex04","status":"publish","type":"page","link":"https:\/\/entretramites.com\/en\/tutorials\/video-how-to-fill-out-modelo-ex04","title":{"rendered":"How to fill out Modelo EX04: Application for a Residence Permit for Internships"},"content":{"rendered":"\t\t<div data-elementor-type=\"wp-page\" data-elementor-id=\"41245\" class=\"elementor elementor-41245\" data-elementor-post-type=\"page\">\n\t\t\t\t\t\t<section class=\"elementor-section elementor-top-section elementor-element elementor-element-3822ce8 elementor-section-boxed elementor-section-height-default elementor-section-height-default\" data-id=\"3822ce8\" data-element_type=\"section\" data-e-type=\"section\">\n\t\t\t\t\t\t<div class=\"elementor-container elementor-column-gap-default\">\n\t\t\t\t\t<div class=\"elementor-column elementor-col-100 elementor-top-column elementor-element elementor-element-339b594\" data-id=\"339b594\" data-element_type=\"column\" data-e-type=\"column\">\n\t\t\t<div class=\"elementor-widget-wrap elementor-element-populated\">\n\t\t\t\t\t\t<div class=\"elementor-element elementor-element-4c7411d elementor-grid-1 elementor-grid-tablet-1 elementor-posts--thumbnail-left elementor-grid-mobile-1 elementor-widget elementor-widget-posts\" data-id=\"4c7411d\" data-element_type=\"widget\" data-e-type=\"widget\" data-settings=\"{&quot;classic_columns&quot;:&quot;1&quot;,&quot;classic_columns_tablet&quot;:&quot;1&quot;,&quot;classic_row_gap&quot;:{&quot;unit&quot;:&quot;px&quot;,&quot;size&quot;:&quot;50&quot;,&quot;sizes&quot;:[]},&quot;classic_columns_mobile&quot;:&quot;1&quot;,&quot;classic_row_gap_tablet&quot;:{&quot;unit&quot;:&quot;px&quot;,&quot;size&quot;:&quot;&quot;,&quot;sizes&quot;:[]},&quot;classic_row_gap_mobile&quot;:{&quot;unit&quot;:&quot;px&quot;,&quot;size&quot;:&quot;&quot;,&quot;sizes&quot;:[]}}\" data-widget_type=\"posts.classic\">\n\t\t\t\t<div class=\"elementor-widget-container\">\n\t\t\t\t\t\t\t<div class=\"elementor-posts-container elementor-posts elementor-posts--skin-classic elementor-grid\" role=\"list\">\n\t\t\t\t<article class=\"elementor-post elementor-grid-item post-1308 page type-page status-publish has-post-thumbnail hentry\" role=\"listitem\">\n\t\t\t\t<a class=\"elementor-post__thumbnail__link\" href=\"https:\/\/entretramites.com\/en\/downloadables\/immigration-forms\/form-ex04\" tabindex=\"-1\" >\n\t\t\t<div class=\"elementor-post__thumbnail\"><img fetchpriority=\"high\" decoding=\"async\" width=\"300\" height=\"169\" src=\"https:\/\/entretramites.com\/en\/wp-content\/uploads\/2023\/02\/Form-EX04-300x169.webp\" class=\"attachment-medium size-medium wp-image-16827\" alt=\"example of form ex04\" srcset=\"https:\/\/entretramites.com\/en\/wp-content\/uploads\/2023\/02\/Form-EX04-300x169.webp 300w, https:\/\/entretramites.com\/en\/wp-content\/uploads\/2023\/02\/Form-EX04.webp 500w\" sizes=\"(max-width: 300px) 100vw, 300px\" \/><\/div>\n\t\t<\/a>\n\t\t\t\t<div class=\"elementor-post__text\">\n\t\t\t\t<h3 class=\"elementor-post__title\">\n\t\t\t<a href=\"https:\/\/entretramites.com\/en\/downloadables\/immigration-forms\/form-ex04\" >\n\t\t\t\tForm EX04: Application for a residence permit for internships\t\t\t<\/a>\n\t\t<\/h3>\n\t\t\t\t<div class=\"elementor-post__excerpt\">\n\t\t\t<p>Descargate en formato PDF el modelo EX04 de Extranjer\u00eda, para realizar la solicitud de autorizaci\u00f3n de residencia para pr\u00e1cticas en Espa\u00f1a.<\/p>\n\t\t<\/div>\n\t\t\n\t\t<a class=\"elementor-post__read-more\" href=\"https:\/\/entretramites.com\/en\/downloadables\/immigration-forms\/form-ex04\" aria-label=\"Read more about Form EX04: Application for a residence permit for internships\" tabindex=\"-1\" >\n\t\t\tREAD MORE \u00bb\t\t<\/a>\n\n\t\t\t\t<\/div>\n\t\t\t\t<\/article>\n\t\t\t\t<\/div>\n\t\t\n\t\t\t\t\t\t<\/div>\n\t\t\t\t<\/div>\n\t\t\t\t\t<\/div>\n\t\t<\/div>\n\t\t\t\t\t<\/div>\n\t\t<\/section>\n\t\t\t\t<\/div>\n\t\t","protected":false},"excerpt":{"rendered":"<p>example of form ex04<\/p>\n","protected":false},"author":1,"featured_media":16827,"parent":38078,"menu_order":0,"comment_status":"closed","ping_status":"closed","template":"","meta":{"_acf_changed":false,"footnotes":""},"class_list":["post-41245","page","type-page","status-publish","has-post-thumbnail","hentry"],"acf":[],"_links":{"self":[{"href":"https:\/\/entretramites.com\/en\/wp-json\/wp\/v2\/pages\/41245","targetHints":{"allow":["GET"]}}],"collection":[{"href":"https:\/\/entretramites.com\/en\/wp-json\/wp\/v2\/pages"}],"about":[{"href":"https:\/\/entretramites.com\/en\/wp-json\/wp\/v2\/types\/page"}],"author":[{"embeddable":true,"href":"https:\/\/entretramites.com\/en\/wp-json\/wp\/v2\/users\/1"}],"replies":[{"embeddable":true,"href":"https:\/\/entretramites.com\/en\/wp-json\/wp\/v2\/comments?post=41245"}],"version-history":[{"count":9,"href":"https:\/\/entretramites.com\/en\/wp-json\/wp\/v2\/pages\/41245\/revisions"}],"predecessor-version":[{"id":42787,"href":"https:\/\/entretramites.com\/en\/wp-json\/wp\/v2\/pages\/41245\/revisions\/42787"}],"up":[{"embeddable":true,"href":"https:\/\/entretramites.com\/en\/wp-json\/wp\/v2\/pages\/38078"}],"wp:featuredmedia":[{"embeddable":true,"href":"https:\/\/entretramites.com\/en\/wp-json\/wp\/v2\/media\/16827"}],"wp:attachment":[{"href":"https:\/\/entretramites.com\/en\/wp-json\/wp\/v2\/media?parent=41245"}],"curies":[{"name":"wp","href":"https:\/\/api.w.org\/{rel}","templated":true}]}}