{"id":2855,"date":"2020-06-30T16:39:21","date_gmt":"2020-06-30T14:39:21","guid":{"rendered":"https:\/\/entretramites.com\/en\/?page_id=2855"},"modified":"2024-07-24T17:18:33","modified_gmt":"2024-07-24T15:18:33","slug":"power-attorney-dgt","status":"publish","type":"page","link":"https:\/\/entretramites.com\/en\/downloadables\/dgt-forms\/power-attorney-dgt","title":{"rendered":"Registry of Power of Attorney and\/or Granting of a Representation"},"content":{"rendered":"\n<p>No es necesario que seas t\u00fa mismo el que lleve a cabo los tr\u00e1mites con la DGT. Puedes otorgar poder para ello a otras personas (representantes o apoderados), de manera f\u00e1cil y gratuita, a trav\u00e9s del&nbsp;<strong>Registro de apoderamientos de la DGT<\/strong>.<\/p>\n\n\n\n<p>Un apoderamiento o representaci\u00f3n es el&nbsp;<strong>acto expreso<\/strong>&nbsp;por el que concedes a otra persona el poder de actuar en tu nombre. Puede ser espec\u00edfico, si es para un \u00fanico tr\u00e1mite, o general, si es para un conjunto de ellos.<\/p>\n\n\n\n<p>Una vez registrada la representaci\u00f3n, el representante podr\u00e1 actuar en tu nombre, tanto en jefaturas de tr\u00e1fico como en la sede electr\u00f3nica para los tr\u00e1mites disponibles de manera online, acreditando debidamente su identidad.<\/p>\n\n\n\n<p><strong>Si ya est\u00e1s registrado como representante en el Registro de apoderamientos de la DGT,<\/strong>&nbsp;podr\u00e1s leer las notificaciones que le lleguen a tu representado a su&nbsp;<a href=\"https:\/\/sede.dgt.gob.es\/es\/otros-tramites\/direccion-electronica-vial\/index.shtml\" rel=\"nofollow noopener\" target=\"_blank\">Direcci\u00f3n Electr\u00f3nica Vial<\/a>, incluso las que se han puesto a disposici\u00f3n de los sistemas de notificaciones del Pa\u00eds Vasco, Catalu\u00f1a y Ayuntamientos adscritos al sistema. Deber\u00e1s estar habilitado en los sistemas de representaci\u00f3n disponibles en las sedes electr\u00f3nicas del&nbsp;<a rel=\"noreferrer noopener nofollow\" href=\"https:\/\/www.euskadi.eus\/y22-home\/es\" target=\"_blank\">Gobierno vasco<\/a>&nbsp;y de la&nbsp;<a rel=\"noreferrer noopener nofollow\" href=\"https:\/\/seu.gencat.cat\/es\/index.html\" target=\"_blank\">Generalidad de Catalu\u00f1a<\/a>.<\/p>\n\n\n\n<h2 class=\"wp-block-heading\">\u00bfQu\u00e9 se necesita para hacer el registro de Apoderamiento de una representacio\u0301n?<\/h2>\n\n\n\n<p><strong>1.<\/strong>&nbsp;Si tramitas<strong>&nbsp;telem\u00e1ticamente las representaciones,&nbsp;<\/strong>necesitar\u00e1s&nbsp;tu certificado digital, DNI electr\u00f3nico, o cl@ve pin o permanente en vigor.<\/p>\n\n\n\n<p>Si necesitas m\u00e1s informaci\u00f3n sobre la documentaci\u00f3n a presentar para cada uno de los tr\u00e1mites que admite representaci\u00f3n, puedes acceder a la&nbsp;<a href=\"https:\/\/sedeapl.dgt.gob.es\/WEB_REAP_CONSULTA\/postbackRelacionTramitesExt.faces?idioma=es\" target=\"_blank\" rel=\"noreferrer noopener nofollow\">consulta de tr\u00e1mites sujetos a representaci\u00f3n<\/a>&nbsp;del Registro de apoderamientos.<\/p>\n\n\n\n<p><strong>2.<\/strong>&nbsp;Si acudes presencialmente a cualquier<a href=\"http:\/\/www.dgt.es\/es\/explora\/localizacion\/\" target=\"_blank\" rel=\"noreferrer noopener nofollow\">Jefatura u Oficina de Tr\u00e1fico<\/a>&nbsp;te pediremos:<\/p>\n\n\n\n<ul class=\"wp-block-list\">\n<li><strong>Formulario&nbsp;<\/strong>de&nbsp;<a href=\"https:\/\/sede.dgt.gob.es\/sede-estaticos\/Galerias\/otros-tramites\/registro-apoderamientos\/otorgamiento_ES.PDF\" target=\"_blank\" rel=\"noreferrer noopener nofollow\">otorgamiento<\/a>&nbsp;o&nbsp;<a href=\"https:\/\/sede.dgt.gob.es\/sede-estaticos\/Galerias\/otros-tramites\/registro-apoderamientos\/anulacion_ES.PDF\" target=\"_blank\" rel=\"noreferrer noopener nofollow\">revocaci\u00f3n<\/a>&nbsp;de representaci\u00f3n.<\/li>\n\n\n\n<li><strong>NIF\/NIE\/CIF del representado<\/strong>&nbsp;o fotocopia compulsada.<\/li>\n\n\n\n<li><strong>NIF\/NIE del representante<\/strong>&nbsp;si es persona f\u00edsica, y si es una persona jur\u00eddica, adem\u00e1s, original o copia compulsada del&nbsp;<strong>CIF de la empresa<\/strong>&nbsp;y aquella documentaci\u00f3n que acredite la vinculaci\u00f3n de representante en nombre de dicha persona jur\u00eddica.<\/li>\n<\/ul>\n\n\n\n<p>Para descargar el Registro de Apoderamiento de una representacio\u0301n:<\/p>\n\n\n\n<p><\/p>\n\n\n\n<p>Por \u00faltimo, si necesitas alg\u00fan tipo de asesor\u00eda con los tr\u00e1mites de la DGT, puedes ponerte en&nbsp;<a href=\"https:\/\/entretramites.com\/en\/contact-form\" target=\"_blank\" rel=\"noreferrer noopener\">contacto con nosotros<\/a>. Siempre es bueno dejar los temas burocr\u00e1ticos en manos de especialistas.<\/p>\n\n\n\n<p>Para acceder a la Cita Previa en la DGT, <a href=\"https:\/\/sede.dgt.gob.es\/es\/otros-tramites\/cita-previa-jefaturas\/\" rel=\"nofollow noopener\" target=\"_blank\">aqu\u00ed<\/a><\/p>\n","protected":false},"excerpt":{"rendered":"<p>No es necesario que seas t\u00fa mismo el realice los tr\u00e1mites con la DGT. Puede hacerlo otra persona con el Registro de Apoderamiento de una representacio\u0301n.<\/p>\n","protected":false},"author":3,"featured_media":0,"parent":2358,"menu_order":0,"comment_status":"closed","ping_status":"closed","template":"","meta":{"_acf_changed":false,"footnotes":""},"class_list":["post-2855","page","type-page","status-publish","hentry"],"acf":[],"_links":{"self":[{"href":"https:\/\/entretramites.com\/en\/wp-json\/wp\/v2\/pages\/2855","targetHints":{"allow":["GET"]}}],"collection":[{"href":"https:\/\/entretramites.com\/en\/wp-json\/wp\/v2\/pages"}],"about":[{"href":"https:\/\/entretramites.com\/en\/wp-json\/wp\/v2\/types\/page"}],"author":[{"embeddable":true,"href":"https:\/\/entretramites.com\/en\/wp-json\/wp\/v2\/users\/3"}],"replies":[{"embeddable":true,"href":"https:\/\/entretramites.com\/en\/wp-json\/wp\/v2\/comments?post=2855"}],"version-history":[{"count":7,"href":"https:\/\/entretramites.com\/en\/wp-json\/wp\/v2\/pages\/2855\/revisions"}],"predecessor-version":[{"id":56452,"href":"https:\/\/entretramites.com\/en\/wp-json\/wp\/v2\/pages\/2855\/revisions\/56452"}],"up":[{"embeddable":true,"href":"https:\/\/entretramites.com\/en\/wp-json\/wp\/v2\/pages\/2358"}],"wp:attachment":[{"href":"https:\/\/entretramites.com\/en\/wp-json\/wp\/v2\/media?parent=2855"}],"curies":[{"name":"wp","href":"https:\/\/api.w.org\/{rel}","templated":true}]}}