{"id":2845,"date":"2020-06-30T16:14:34","date_gmt":"2020-06-30T14:14:34","guid":{"rendered":"https:\/\/entretramites.com\/en\/?page_id=2845"},"modified":"2024-07-24T17:17:03","modified_gmt":"2024-07-24T15:17:03","slug":"plea-appeal-form-dgt","status":"publish","type":"page","link":"https:\/\/entretramites.com\/en\/downloadables\/dgt-forms\/plea-appeal-form-dgt","title":{"rendered":"Form for allegations and appeals to a fine"},"content":{"rendered":"\n<p>Si recibes una multa de Tr\u00e1fico, siempre tendr\u00e1s el derecho de&nbsp;<strong>presentar alegaciones y recursos<\/strong>,&nbsp;si no est\u00e1s de acuerdo con los hechos que te hemos notificado. Se podr\u00e1n aportar los documentos que se estimen en la presentaci\u00f3n. Estas alegaciones se tendr\u00e1n en cuenta por Tr\u00e1fico antes de redactar la correspondiente propuesta de resoluci\u00f3n.<\/p>\n\n\n\n<p>Lo podr\u00e1s hacer en el plazo de los siguientes 20 d\u00edas naturales desde el d\u00eda siguiente a que recibas la notificaci\u00f3n en tu domicilio o en tu&nbsp;<a href=\"https:\/\/sede.dgt.gob.es\/es\/otros-tramites\/direccion-electronica-vial\/index.shtml\" rel=\"nofollow noopener\" target=\"_blank\">direcci\u00f3n electr\u00f3nica<\/a>. Si hemos intentado notificarte a tu direcci\u00f3n postal y no te hemos localizado, procedemos a publicar la sanci\u00f3n en el&nbsp;Tabl\u00f3n Edictal \u00danico. Desde esta publicaci\u00f3n, dispondr\u00e1s igualmente de 20 d\u00edas para presentar alegaciones.<\/p>\n\n\n\n<p>Si pagas la multa en periodo voluntario y te beneficias del 50% de reducci\u00f3n, se entiende que renuncias a presentar alegaciones. Por lo tanto, cualquier recurso o alegaci\u00f3n que presentes tras haber pagado la multa en per\u00edodo voluntario, no tendr\u00eda efecto. Del mismo modo, al interponer una alegaci\u00f3n, pierdes el derecho al descuento del 50%, por lo que si tu alegaci\u00f3n es desestimada, deber\u00e1s pagar el 100% de la sanci\u00f3n.<\/p>\n\n\n\n<p>Puedes interponer un recurso contra la sanci\u00f3n&nbsp;una vez finalizada la tramitaci\u00f3n administrativa, y puede haber varios tipos, en base a su aplicaci\u00f3n:&nbsp;<\/p>\n\n\n\n<ul class=\"wp-block-list\">\n<li>Recurso potestativo de reposici\u00f3n para toda sanci\u00f3n que se te hubiera impuesto (salvo que se hubiera abonado mediante pago reducido, tal y como antes se ha explicado)<\/li>\n\n\n\n<li>Recurso extraordinario de revisi\u00f3n para aquellos actos firmes que tengan ciertas anomal\u00edas esenciales.<\/li>\n<\/ul>\n\n\n\n<p>Si presentas una alegaci\u00f3n o un recurso, los analizamos y te respondemos con una resoluci\u00f3n definitiva. En el primer caso, puedes seguir reclamando en v\u00eda administrativa a trav\u00e9s de un recurso de reposici\u00f3n. En el segundo caso podr\u00edas acudir directamente a la v\u00eda judicial a trav\u00e9s de un recurso contencioso-administrativo, para lo que necesitar\u00edas abogado y procurador.<\/p>\n\n\n\n<h2 class=\"wp-block-heading\">Documentaci\u00f3n Necesaria<\/h2>\n\n\n\n<p>Lo m\u00e1s importante es conocer el&nbsp;<strong>n\u00famero de expediente<\/strong>&nbsp;sancionador sobre el que se desea poner la alegaci\u00f3n o recurso. Recuerda que es un n\u00famero de doce cifras que se encuentra en la cabecera de la comunicaci\u00f3n que te enviamos.&nbsp;<a href=\"https:\/\/sede.dgt.gob.es\/sede-estaticos\/Galerias\/ayuda\/sancion_n-expediente.jpg\" target=\"_blank\" rel=\"noreferrer noopener nofollow\">Ayuda<\/a><\/p>\n\n\n\n<p>En el caso que lo hagas directamente por internet, no tendr\u00e1s que introducir m\u00e1s informaci\u00f3n que el n\u00famero del expediente. Para otras alternativas (fax, registro, correo o presencialmente en nuestras oficinas), has de redactar un escrito explicando tus alegaciones o recurso solicitado. Te ofrecemos&nbsp;<a href=\"https:\/\/sede.dgt.gob.es\/sede-estaticos\/Galerias\/multas\/presentacion-de-alegaciones\/impreso_ALEG-RECURSO.pdf\" target=\"_blank\" rel=\"noreferrer noopener nofollow\">un impreso<\/a>, pero no es obligatorio, puedes redactar el tuyo propio siempre que recoja, al menos, &nbsp;los siguientes datos:<\/p>\n\n\n\n<ul class=\"wp-block-list\">\n<li>N\u00famero del expediente sancionador.<\/li>\n\n\n\n<li>Datos del interesado.<\/li>\n\n\n\n<li>Alegaciones.<\/li>\n\n\n\n<li>Firma del interesado.<\/li>\n<\/ul>\n\n\n\n<h2 class=\"wp-block-heading\">\u00bfQui\u00e9n puede presentar alegaciones y recursos a una multa?<\/h2>\n\n\n\n<p>Lo puede presentar la&nbsp;<strong>persona&nbsp;que ha sido<\/strong>&nbsp;<strong>denunciada<\/strong>, o bien la persona titular del veh\u00edculo con el que se ha cometido la infracci\u00f3n, en caso de que no haya sido identificado el responsable de la misma por un agente de la autoridad.<\/p>\n\n\n\n<p>Para realizar la autorizaci\u00f3n a otra persona que act\u00fae en tu representaci\u00f3n, puedes designar un representante a trav\u00e9s de nuestro&nbsp;<a href=\"https:\/\/sede.dgt.gob.es\/es\/otros-tramites\/registro-apoderamientos\/index.shtml\" rel=\"nofollow noopener\" target=\"_blank\">Registro de apoderamientos<\/a>.<\/p>\n\n\n\n<p>Tambi\u00e9n puede personarse siempre que disponga de un documento firmado por el interesado donde le autorice a realizar la solicitud. Para ello descarga y rellena el&nbsp;<a href=\"https:\/\/sede.dgt.gob.es\/sede-estaticos\/Galerias\/otros-tramites\/registro-apoderamientos\/otorgamiento_ES.PDF\" target=\"_blank\" rel=\"noreferrer noopener nofollow\">modelo de autorizaci\u00f3n de la DGT &#8220;Otorgamiento de representaci\u00f3n&#8221;<\/a>.<\/p>\n\n\n\n<p>Si el tr\u00e1mite lo va a realizar otra persona en su nombre, en el momento de solicitar la cita previa en el 060, se debe indicar el DNI del interesado y tambi\u00e9n el de la persona autorizada.<\/p>\n\n\n\n<h2 class=\"wp-block-heading\">Plazos para presentar alegaciones y recursos a una multa<\/h2>\n\n\n\n<ul class=\"wp-block-list\">\n<li><strong>Para presentar alegaciones<\/strong>, o para proponer o aportar pruebas:&nbsp;<strong>20 d\u00edas naturales<\/strong>&nbsp;contados desde el d\u00eda siguiente al que recibas la notificaci\u00f3n, o, en el caso de que no hayamos podido hacerlo en persona o por v\u00eda postal, desde el d\u00eda siguiente al de su publicaci\u00f3n en el&nbsp;Tabl\u00f3n Edictal \u00danico.<\/li>\n\n\n\n<li><strong>Para interponer recurso de reposici\u00f3n<\/strong>:&nbsp;<strong>un mes<\/strong>&nbsp;contados desde el d\u00eda siguiente al que recibas la notificaci\u00f3n, o,&nbsp;en el caso de que no hayamos podido hacerlo en persona o por v\u00eda postal, desde el d\u00eda siguiente al de su publicaci\u00f3n en el&nbsp;Tabl\u00f3n Edictal \u00danico.<\/li>\n<\/ul>\n\n\n\n<p>Si haces la tramitaci\u00f3n por internet, la fecha de entrada de las alegaciones o del recurso presentado, a los efectos del c\u00f3mputo de plazos, ser\u00e1 la que corresponda al momento de la presentaci\u00f3n telem\u00e1tica.<\/p>\n\n\n\n<p>Para descargar el <strong>Impreso para alegaciones y recursos a una multa<\/strong>:<\/p>\n\n\n\n<p>Por \u00faltimo, si necesitas alg\u00fan tipo de asesor\u00eda con los tr\u00e1mites de la DGT, puedes ponerte en&nbsp;<a href=\"https:\/\/entretramites.com\/en\/contact-form\" target=\"_blank\" rel=\"noreferrer noopener\">contacto con nosotros<\/a>. Siempre es bueno dejar los temas burocr\u00e1ticos en manos de especialistas.<\/p>\n\n\n\n<p>Para acceder a la Cita Previa en la DGT, <a href=\"https:\/\/sede.dgt.gob.es\/es\/otros-tramites\/cita-previa-jefaturas\/\" rel=\"nofollow noopener\" target=\"_blank\">aqu\u00ed<\/a><\/p>\n","protected":false},"excerpt":{"rendered":"<p>Si recibes una multa de Tr\u00e1fico, siempre tendr\u00e1s el derecho de presentar alegaciones y recursos, si no est\u00e1s de acuerdo con los hechos notificados. <\/p>\n","protected":false},"author":3,"featured_media":0,"parent":2358,"menu_order":0,"comment_status":"closed","ping_status":"closed","template":"","meta":{"_acf_changed":false,"footnotes":""},"class_list":["post-2845","page","type-page","status-publish","hentry"],"acf":[],"_links":{"self":[{"href":"https:\/\/entretramites.com\/en\/wp-json\/wp\/v2\/pages\/2845","targetHints":{"allow":["GET"]}}],"collection":[{"href":"https:\/\/entretramites.com\/en\/wp-json\/wp\/v2\/pages"}],"about":[{"href":"https:\/\/entretramites.com\/en\/wp-json\/wp\/v2\/types\/page"}],"author":[{"embeddable":true,"href":"https:\/\/entretramites.com\/en\/wp-json\/wp\/v2\/users\/3"}],"replies":[{"embeddable":true,"href":"https:\/\/entretramites.com\/en\/wp-json\/wp\/v2\/comments?post=2845"}],"version-history":[{"count":9,"href":"https:\/\/entretramites.com\/en\/wp-json\/wp\/v2\/pages\/2845\/revisions"}],"predecessor-version":[{"id":56450,"href":"https:\/\/entretramites.com\/en\/wp-json\/wp\/v2\/pages\/2845\/revisions\/56450"}],"up":[{"embeddable":true,"href":"https:\/\/entretramites.com\/en\/wp-json\/wp\/v2\/pages\/2358"}],"wp:attachment":[{"href":"https:\/\/entretramites.com\/en\/wp-json\/wp\/v2\/media?parent=2845"}],"curies":[{"name":"wp","href":"https:\/\/api.w.org\/{rel}","templated":true}]}}