{"id":2613,"date":"2020-06-30T14:27:58","date_gmt":"2020-06-30T12:27:58","guid":{"rendered":"https:\/\/entretramites.com\/en\/?page_id=2613"},"modified":"2024-07-24T17:12:07","modified_gmt":"2024-07-24T15:12:07","slug":"document-loss-report","status":"publish","type":"page","link":"https:\/\/entretramites.com\/en\/downloadables\/dgt-forms\/document-loss-report","title":{"rendered":"Missing Documentation Report"},"content":{"rendered":"\n<p><em>Officially known in Spanish as: &#8220;Declaraci\u00f3n responsable de extrav\u00edo de documentos&#8221;.<\/em><\/p>\n\n\n\n<p>In case of loss or theft, a <strong>declaration of loss of documents<\/strong> must be provided to the DGT, along with a photocopy of the report.<\/p>\n\n\n\n<p><em>According to the provisions of point 4 of section A) of Annex XV of <strong><a href=\"https:\/\/www.iberley.es\/legislacion\/real-decreto-2822-1998-23-dic-reglamento-general-vehiculos-1003095\" target=\"_blank\" rel=\"noreferrer noopener nofollow\">Royal Decree 2822\/1998, of December 23<\/a><\/strong>, 1998, which approves the General Vehicle Regulations, a written declaration of loss or theft of the vehicle registration certificate or license and technical inspection card or vehicle characteristics certificate will be mandatory in the event that the owner or third person who sufficiently proves ownership of a vehicle wishes to permanently withdraw it from circulation or intends to transfer it to another country where it is to be registered.<\/em><\/p>\n\n\n\n<p><em>Apart from the above purpose, the declaration may be useful in applications for a duplicate or renewal of the vehicle registration certificate, duplicate vehicle documents, etc.<\/em><\/p>\n\n\n\n<h2 class=\"wp-block-heading\">Procedure<\/h2>\n\n\n\n<p>In the case of theft, loss, damage, or changes in your data (like a change of name to the co-official language of the Autonomous Community, or for modifications in the field of &#8220;gender&#8221;) in a driving license or a&nbsp;<a href=\"https:\/\/sede.dgt.gob.es\/es\/permisos-de-conducir\/permiso-mercancias-peligrosas\/index.shtml\" target=\"_blank\" rel=\"noreferrer noopener nofollow\"><strong>permit for the transport of dangerous goods<\/strong><\/a>, you can request a duplicate.<\/p>\n\n\n\n<p>At the time of carrying out the duplicate process, your permit must be in force, otherwise, you must request a renewal of the permit.&nbsp;<\/p>\n\n\n\n<p>The duplicate of the driver&#8217;s license implies the issuance of a new document.&nbsp;It must be borne in mind that this issue does not alter its validity dates.<\/p>\n\n\n\n<h2 class=\"wp-block-heading\">Download the Missing Documents Report:<\/h2>\n\n\n\n<p>To download this DGT Form simply click on the button: <\/p>\n\n\n\n<div class=\"wp-block-buttons is-content-justification-center is-layout-flex wp-container-core-buttons-is-layout-a89b3969 wp-block-buttons-is-layout-flex\">\n<div class=\"wp-block-button\"><a class=\"wp-block-button__link has-white-color has-text-color has-background wp-element-button\" href=\"https:\/\/entretramites.com\/en\/download-form\" style=\"background-color:#293c90\">Download Guide<\/a><\/div>\n<\/div>\n\n\n\n<p><\/p>\n\n\n\n<p>Finally, if you want to do any procedure related to the DGT, make sure you rely on an expert team. At&nbsp;<a href=\"https:\/\/entretramites.com\/en\/\" target=\"_blank\" rel=\"noreferrer noopener\"><strong>Entre Tr\u00e1mites<\/strong><\/a>&nbsp;we invite you to know our&nbsp;<strong><a href=\"https:\/\/entretramites.com\/en\/services\/dgt-procedures\" target=\"_blank\" rel=\"noreferrer noopener\">DGT services<\/a><\/strong>.<\/p>\n\n\n\n<p>We want to listen to you and know what your questions are about the procedures you have to do. You can&nbsp;<strong>always rely on the advice of our experts<\/strong>&nbsp;to clarify all your doubts.&nbsp;<strong><a href=\"https:\/\/entretramites.com\/en\/contact-form\" target=\"_blank\" rel=\"noreferrer noopener\">Contact us<\/a>!<\/strong><\/p>\n\n\n\n<p><strong>Make an&nbsp;<a href=\"https:\/\/sede.dgt.gob.es\/es\/otros-tramites\/cita-previa-jefaturas\/\" target=\"_blank\" rel=\"noreferrer noopener nofollow\">Appointment&nbsp;<\/a>at the DGT<\/strong>.<\/p>\n","protected":false},"excerpt":{"rendered":"<p>En caso de extrav\u00edo o sustracci\u00f3n, se debe aportar la declaraci\u00f3n responsable de Extrav\u00edo de documentos frente a la DGT y fotocopia de la denuncia.<\/p>\n","protected":false},"author":3,"featured_media":15937,"parent":2358,"menu_order":0,"comment_status":"closed","ping_status":"closed","template":"","meta":{"_acf_changed":false,"footnotes":""},"class_list":["post-2613","page","type-page","status-publish","has-post-thumbnail","hentry"],"acf":[],"_links":{"self":[{"href":"https:\/\/entretramites.com\/en\/wp-json\/wp\/v2\/pages\/2613","targetHints":{"allow":["GET"]}}],"collection":[{"href":"https:\/\/entretramites.com\/en\/wp-json\/wp\/v2\/pages"}],"about":[{"href":"https:\/\/entretramites.com\/en\/wp-json\/wp\/v2\/types\/page"}],"author":[{"embeddable":true,"href":"https:\/\/entretramites.com\/en\/wp-json\/wp\/v2\/users\/3"}],"replies":[{"embeddable":true,"href":"https:\/\/entretramites.com\/en\/wp-json\/wp\/v2\/comments?post=2613"}],"version-history":[{"count":6,"href":"https:\/\/entretramites.com\/en\/wp-json\/wp\/v2\/pages\/2613\/revisions"}],"predecessor-version":[{"id":42880,"href":"https:\/\/entretramites.com\/en\/wp-json\/wp\/v2\/pages\/2613\/revisions\/42880"}],"up":[{"embeddable":true,"href":"https:\/\/entretramites.com\/en\/wp-json\/wp\/v2\/pages\/2358"}],"wp:featuredmedia":[{"embeddable":true,"href":"https:\/\/entretramites.com\/en\/wp-json\/wp\/v2\/media\/15937"}],"wp:attachment":[{"href":"https:\/\/entretramites.com\/en\/wp-json\/wp\/v2\/media?parent=2613"}],"curies":[{"name":"wp","href":"https:\/\/api.w.org\/{rel}","templated":true}]}}