{"id":1580,"date":"2020-05-21T16:03:56","date_gmt":"2020-05-21T14:03:56","guid":{"rendered":"https:\/\/entretramites.com\/en\/?page_id=1580"},"modified":"2024-07-24T17:09:14","modified_gmt":"2024-07-24T15:09:14","slug":"company-certificate","status":"publish","type":"page","link":"https:\/\/entretramites.com\/en\/downloadables\/sepe-forms\/company-certificate","title":{"rendered":"Certificado de empresa para el R\u00e9gimen General"},"content":{"rendered":"\n<p>El certificado de empresa es un documento esencial a la hora de solicitar el paro, ya que acredita la situaci\u00f3n legal de desempleo y la causa de la misma. Sirve para determinar si el trabajador tiene o no derecho a la prestaci\u00f3n y el importe que le corresponde.<\/p>\n\n\n\n<h2 class=\"wp-block-heading\">\u00bfEs obligatorio que nos lo entreguen?<\/h2>\n\n\n\n<p>Desde el 1 de julio del a\u00f1o 2010&nbsp;<strong>es obligatorio<\/strong>&nbsp;que la empresa nos entregue el certificado con su fecha de inicio y de fin, as\u00ed como el motivo de su despido.<\/p>\n\n\n\n<p>Existen unas&nbsp;<strong>excepciones<\/strong>&nbsp;por las cuales no es necesario entregar el certificado de empresa:<\/p>\n\n\n\n<ul class=\"wp-block-list\">\n<li>Trabajadores aut\u00f3nomos.<\/li>\n\n\n\n<li>Profesionales taurinos y representantes de comercio y a los sistemas especiales para empleados de hogar y de la industria resinera, as\u00ed como en el r\u00e9gimen especial de los trabajadores del mar, respecto a los trabajadores por cuenta propia.<\/li>\n<\/ul>\n\n\n\n<h2 class=\"wp-block-heading\">\u00bfQu\u00e9 informaci\u00f3n debe contener?<\/h2>\n\n\n\n<p>Esta informaci\u00f3n es imprescindible para la solicitud del paro:<\/p>\n\n\n\n<ul class=\"wp-block-list\">\n<li>Causa de la extinci\u00f3n de la relaci\u00f3n laboral.<\/li>\n\n\n\n<li>Tipo de contrato, jornadas de trabajo.<\/li>\n\n\n\n<li>Cotizaciones por&nbsp;contingencias comunes&nbsp;y de desempleo.<\/li>\n\n\n\n<li>Vacaciones anuales retribuidas y no disfrutadas.<\/li>\n<\/ul>\n\n\n\n<p>Adem\u00e1s,&nbsp;<strong>deber\u00e1 ir firmado y sellado por el representante legal de la empresa<\/strong>, la cual est\u00e1 obligada a entregarlo con toda la informaci\u00f3n y documentaci\u00f3n que el trabajador necesite para la prestaci\u00f3n por desempleo, en el plazo de 10 d\u00edas desde el cese en el trabajo.<\/p>\n\n\n\n<h3 class=\"wp-block-heading\">\u00bfC\u00f3mo debe entregarse?<\/h3>\n\n\n\n<p>Seg\u00fan la&nbsp;<strong>Orden TIN\/790\/2010<\/strong>, la empresa deber\u00e1 hacerlo de forma online.<\/p>\n\n\n\n<p>Se debe hacer mediante dos formas:<\/p>\n\n\n\n<ul class=\"wp-block-list\">\n<li><strong>Mediante ficheros XML.<\/strong><\/li>\n\n\n\n<li><strong>Mediante cumplimentaci\u00f3n en l\u00ednea de un formulario web.<\/strong><\/li>\n<\/ul>\n\n\n\n<h3 class=\"wp-block-heading\">\u00bfQu\u00e9 hago si la empresa no me entrega el certificado?<\/h3>\n\n\n\n<p>Seg\u00fan el sepe, si la empresa no cumple con su obligaci\u00f3n no ser\u00e1 sancionada en un principio, si ser\u00e1 objeto de sanci\u00f3n si el trabajador solicita posteriormente la prestaci\u00f3n en la Oficina de Empleo y se detecta la falta de dicho env\u00edo.<\/p>\n\n\n\n<p>El trabajador debe solicitar la prestaci\u00f3n de todos modos para evitar que se le pase el plazo, adem\u00e1s, deber\u00e1 adjuntar el impreso &#8220;<em>Declaraci\u00f3n de carencia de documentaci\u00f3n en la solicitud de prestaciones<\/em>&#8220;, disponible en la oficina de empleo.<\/p>\n\n\n\n<p>En caso de que la empresa haya desaparecido, el trabajador deber\u00e1 se\u00f1alarlo en el mismo impreso y el Servicio P\u00fablico de Empleo Estatal intentar\u00e1 ponerse en contacto con ella.<\/p>\n\n\n\n<h3 class=\"wp-block-heading\">\u00bfQu\u00e9 m\u00e1s documentos necesito?<\/h3>\n\n\n\n<p>La mayor\u00eda de las empresas est\u00e1n obligatoriamente incluidas en el&nbsp;<strong>Sistema RED (Remisi\u00f3n electr\u00f3nica de documentos)<\/strong>. Con este cruce de datos el SEPE conoce las cotizaciones del trabajador.<\/p>\n\n\n\n<p>En caso de que la empresa no estuviese integrada en este sistema, se deber\u00e1 entregar al trabajador los TC2 de los 180 d\u00edas de trabajo anteriores al cese.<\/p>\n\n\n\n<h3 class=\"wp-block-heading\">\u00bfC\u00f3mo puedo saber si la empresa ha enviado o no el certificado?<\/h3>\n\n\n\n<p>Puede consultarse a trav\u00e9s de la p\u00e1gina del&nbsp;<a href=\"https:\/\/sede.sepe.gob.es\/portalSedeEstaticos\/flows\/gestorContenidos?page=sv00B\" rel=\"nofollow noopener\" target=\"_blank\"><strong>SEPE<\/strong><\/a>.<\/p>\n\n\n\n<p>Lo primero que se ha de hacer es disponer de un DNI electr\u00f3nico. Una vez identificados, nos dirigiremos a la pesta\u00f1a de &#8220;Procedimientos y servicios&#8221; y seleccionaremos la opci\u00f3n de consultas donde podremos ver la consulta de certificados de empresa online.<\/p>\n\n\n\n<p>Lo primero que ver\u00e1s es el \u00faltimo certificado que el SEPE tiene a tu nombre, si no es el de tu \u00faltima empresa, es que a\u00fan no ha sido enviado.<\/p>\n","protected":false},"excerpt":{"rendered":"<p>Descarga el certificado de empresa, el cual es un documento esencial a la hora de solicitar el paro, ya que acredita la situaci\u00f3n legal de desempleo.<\/p>\n","protected":false},"author":3,"featured_media":0,"parent":1541,"menu_order":0,"comment_status":"closed","ping_status":"closed","template":"","meta":{"_acf_changed":false,"footnotes":""},"class_list":["post-1580","page","type-page","status-publish","hentry"],"acf":[],"_links":{"self":[{"href":"https:\/\/entretramites.com\/en\/wp-json\/wp\/v2\/pages\/1580","targetHints":{"allow":["GET"]}}],"collection":[{"href":"https:\/\/entretramites.com\/en\/wp-json\/wp\/v2\/pages"}],"about":[{"href":"https:\/\/entretramites.com\/en\/wp-json\/wp\/v2\/types\/page"}],"author":[{"embeddable":true,"href":"https:\/\/entretramites.com\/en\/wp-json\/wp\/v2\/users\/3"}],"replies":[{"embeddable":true,"href":"https:\/\/entretramites.com\/en\/wp-json\/wp\/v2\/comments?post=1580"}],"version-history":[{"count":8,"href":"https:\/\/entretramites.com\/en\/wp-json\/wp\/v2\/pages\/1580\/revisions"}],"predecessor-version":[{"id":56251,"href":"https:\/\/entretramites.com\/en\/wp-json\/wp\/v2\/pages\/1580\/revisions\/56251"}],"up":[{"embeddable":true,"href":"https:\/\/entretramites.com\/en\/wp-json\/wp\/v2\/pages\/1541"}],"wp:attachment":[{"href":"https:\/\/entretramites.com\/en\/wp-json\/wp\/v2\/media?parent=1580"}],"curies":[{"name":"wp","href":"https:\/\/api.w.org\/{rel}","templated":true}]}}