{"id":1575,"date":"2020-05-21T15:49:44","date_gmt":"2020-05-21T13:49:44","guid":{"rendered":"https:\/\/entretramites.com\/en\/?page_id=1575"},"modified":"2024-07-24T17:05:52","modified_gmt":"2024-07-24T15:05:52","slug":"paro-status-change","status":"publish","type":"page","link":"https:\/\/entretramites.com\/en\/downloadables\/sepe-forms\/paro-status-change","title":{"rendered":"Withdrawal or change of situation in unemployment benefits"},"content":{"rendered":"\n<p>Descarga el impreso para solicitar la baja o cambio de situaci\u00f3n en las prestaciones por desempleo en las siguientes situaciones.<\/p>\n\n\n\n<p><strong>Normalmente, cuando un trabajador habla de que va a \u201cdarse de baja en el paro\u201d,&nbsp;se refiere a que va a comunicar&nbsp;a la oficina de empleo que&nbsp;ha encontrado trabajo.<\/strong><\/p>\n\n\n\n<p>Lo primero que hay que ver es qu\u00e9&nbsp;<strong>tipo de contrato va a tener, si es a jornada completa o a jornada parcial.<\/strong><\/p>\n\n\n\n<p><strong>A) Si el contrato es a jornada completa,<\/strong>&nbsp;al informar al SEPE se detendr\u00e1 el cobro del paro. Dentro de los contratos a jornada completa los hay que pueden ser temporales o lo que llamamos \u201ccontratos fijos\u201d (de duraci\u00f3n indefinida). Si su nuevo contrato a&nbsp;<strong>jornada completa es temporal<\/strong>, por ejemplo, seis meses, cuando termine el contrato podr\u00e1 solicitar la reactivaci\u00f3n del paro a que a\u00fan tuviera derecho. Si el contrato&nbsp;<strong>dur\u00f3 m\u00e1s de 360 d\u00edas<\/strong>, cuando termine podr\u00e1 elegir entre volver a cobrar la prestaci\u00f3n que qued\u00f3 interrumpida o bien solicitar una nueva teniendo en cuenta la cotizaci\u00f3n que ha generado durante el \u00faltimo contrato&nbsp;(derecho de opci\u00f3n)<br><\/p>\n\n\n\n<p><strong>B) Si el contrato es a jornada parcial<\/strong>, se puede simultanear el cobro del paro (reducido), con el trabajo a tiempo parcial.<strong>Si su contrato es as\u00ed, a tiempo parcial<\/strong>, sepa que puede compaginar este nuevo contrato con el cobro de la prestaci\u00f3n o subsidio que estuviera recibiendo hasta ahora. Lo que har\u00e1n es reducir el importe que ha estado cobrando del paro, en la parte proporcional a las horas que va a trabajar. <\/p>\n\n\n\n<p><strong>C) Si se va a dar de alta como aut\u00f3nomo y est\u00e1 cobrando el paro<\/strong>, hay un r\u00e9gimen especial que bajo determinadas condiciones permite seguir cobrando la ayuda por desempleo mientras est\u00e1 dado de alta en aut\u00f3nomos. Lo explicamos en esta gu\u00eda:&nbsp;c\u00f3mo darse de alta en aut\u00f3nomos sin dejar de cobrar el paro.<\/p>\n\n\n\n<h2 class=\"wp-block-heading\">\u00bfEs obligatorio informar a la oficina de empleo de que el trabajador va a comenzar a trabajar?<\/h2>\n\n\n\n<p><strong>Si, es obligatorio informar a la oficina de empleo<\/strong>.&nbsp; Aunque haya conexi\u00f3n entre los datos de la Seguridad Social y los del SEPE (INEM), el trabajador tiene la obligaci\u00f3n de informar cuando empieza a trabajar, ya sea con contratos por cuenta ajena (a tiempo parcial o jornada completa) o bien porque se da de alta como aut\u00f3nomo.<\/p>\n\n\n\n<p>As\u00ed lo explica el SEPE:<\/p>\n\n\n\n<blockquote class=\"wp-block-quote is-layout-flow wp-block-quote-is-layout-flow\">\n<p><em><strong>Comunicar la colocaci\u00f3n al Servicio P\u00fablico de Empleo Estatal es una obligaci\u00f3n que tiene que cumplir el trabajador beneficiario de prestaciones por desempleo<\/strong>, independientemente de que pueda conocerse por otros medios, y la empresa que suscribe el contrato no tiene obligaci\u00f3n de informar al respecto. La consecuencia de no comunicar la colocaci\u00f3n podr\u00eda ser la p\u00e9rdida del derecho por una sanci\u00f3n.<\/em><\/p>\n<\/blockquote>\n\n\n\n<h2 class=\"wp-block-heading\">C\u00f3mo comunicar la \u201cbaja\u201d<\/h2>\n\n\n\n<p><strong>La baja o cambio de situaci\u00f3n se puede comunicar por tel\u00e9fono, por internet o en la propia oficina de empleo<\/strong><\/p>\n\n\n\n<p><strong>a)<\/strong>&nbsp;<strong>Baja por tel\u00e9fono<\/strong>: en mi opini\u00f3n es el sistema m\u00e1s c\u00f3modo llamando a<a href=\"https:\/\/entretramites.com\/en\/labor\/como-contactar-con-el-sepe-durante-el-estado-de-alarma\" target=\"_blank\" rel=\"noreferrer noopener\">&nbsp;los tel\u00e9fonos de informacion del SEPE<\/a><\/p>\n\n\n\n<p><strong>b) Ir a la oficina de empleo.<\/strong>\u00a0Tenga en cuenta que tendr\u00e1 que solicitar cita previa si en su oficina ya es obligatorio este sistema.<\/p>\n\n\n\n<p><strong>c) Comunicarlo por Internet con certificado digital o DNI electr\u00f3nico.&nbsp;<\/strong>Si quiere hacer la gesti\u00f3n por internet puede hacerlo desde este enlace del SEPE:&nbsp;Tramitar baja de la prestaci\u00f3n.<\/p>\n\n\n\n<h2 class=\"wp-block-heading\">El desistimiento y la renuncia no son una baja<\/h2>\n\n\n\n<p><strong>Tambi\u00e9n puede haber&nbsp;dos situaciones distintas a la baja: &nbsp;la renuncia y el desistimiento<\/strong>&nbsp;y a menudo se confunden.<\/p>\n\n\n\n<p>Hay una renuncia cuando ya hay una prestaci\u00f3n aprobada y concedida, mientras que el desistimiento supone que el trabajador da orden de detener una solicitud de prestaci\u00f3n que estaba en curso y a\u00fan no hab\u00eda sido aprobada.<\/p>\n\n\n\n<h2 class=\"wp-block-heading\">\u00bfCu\u00e1ndo solicitar la baja o cambio de situaci\u00f3n en las prestaciones por desempleo?<\/h2>\n\n\n\n<p>Puedes solicitar baja o cambio de situaci\u00f3n en las prestaciones por desempleo en las siguientes situaciones: colocaci\u00f3n por cuenta propia o ajena, traslado al extranjero, jubilaci\u00f3n, incapacidad temporal por enfermedad com\u00fan, invalidez provisional o permanente, invalidez permanente absoluta o gran invalidez, maternidad\/paternidad. <\/p>\n\n\n\n<p>Has de tener en cuenta que si la baja en el cobro de la prestaci\u00f3n es por colocaci\u00f3n por cuenta propia o ajena y, al finalizar dicha colocaci\u00f3n, re\u00fanes los requisitos necesarios para acceder a la prestaci\u00f3n por desempleo, podr\u00e1s reanudar el derecho que suspendiste tras dicha colocaci\u00f3n.<\/p>\n","protected":false},"excerpt":{"rendered":"<p>Descarga el impreso para solicitar la baja o cambio de situaci\u00f3n en las prestaciones por desempleo en las siguientes situaciones.<\/p>\n","protected":false},"author":3,"featured_media":0,"parent":1541,"menu_order":0,"comment_status":"closed","ping_status":"closed","template":"","meta":{"_acf_changed":false,"footnotes":""},"class_list":["post-1575","page","type-page","status-publish","hentry"],"acf":[],"_links":{"self":[{"href":"https:\/\/entretramites.com\/en\/wp-json\/wp\/v2\/pages\/1575","targetHints":{"allow":["GET"]}}],"collection":[{"href":"https:\/\/entretramites.com\/en\/wp-json\/wp\/v2\/pages"}],"about":[{"href":"https:\/\/entretramites.com\/en\/wp-json\/wp\/v2\/types\/page"}],"author":[{"embeddable":true,"href":"https:\/\/entretramites.com\/en\/wp-json\/wp\/v2\/users\/3"}],"replies":[{"embeddable":true,"href":"https:\/\/entretramites.com\/en\/wp-json\/wp\/v2\/comments?post=1575"}],"version-history":[{"count":8,"href":"https:\/\/entretramites.com\/en\/wp-json\/wp\/v2\/pages\/1575\/revisions"}],"predecessor-version":[{"id":56555,"href":"https:\/\/entretramites.com\/en\/wp-json\/wp\/v2\/pages\/1575\/revisions\/56555"}],"up":[{"embeddable":true,"href":"https:\/\/entretramites.com\/en\/wp-json\/wp\/v2\/pages\/1541"}],"wp:attachment":[{"href":"https:\/\/entretramites.com\/en\/wp-json\/wp\/v2\/media?parent=1575"}],"curies":[{"name":"wp","href":"https:\/\/api.w.org\/{rel}","templated":true}]}}