{"id":1560,"date":"2020-05-21T15:15:57","date_gmt":"2020-05-21T13:15:57","guid":{"rendered":"https:\/\/entretramites.com\/en\/?page_id=1560"},"modified":"2024-07-24T16:58:52","modified_gmt":"2024-07-24T14:58:52","slug":"unemployment-subsidy","status":"publish","type":"page","link":"https:\/\/entretramites.com\/en\/downloadables\/sepe-forms\/unemployment-subsidy","title":{"rendered":"Extraordinary Unemployment Subsidy"},"content":{"rendered":"\n<p>Al subsidio extraordinario por desempleo, regulado en el texto refundido &nbsp;de la Ley General de la Seguridad Social (TRLGSS), podr\u00e1n acceder las personas en desempleo total que se encuentren en alguna de las siguientes situaciones:<\/p>\n\n\n\n<ol class=\"wp-block-list\">\n<li>Hayan extinguido en \u00faltimo lugar por agotamiento cualquiera de los subsidios por desempleo previstos en el art\u00edculo 274 de TRLGSSa partir del 05\/07\/2018 y quienes lo hayan agotado entre el &nbsp;01\/03\/2018 y el &nbsp;04\/07\/2018.<\/li>\n\n\n\n<li>Sean personas paradas de larga duraci\u00f3n que hayan agotado prestaciones por desempleo, PREPARA, o RAI y estuvieran inscritas como demandantes de empleo el 01\/05\/2018. (Se considera persona parada de larga duraci\u00f3n aquella que haya permanecido inscrita como demandante de empleo durante al menos 360 d\u00edas en los dieciocho meses inmediatamente anteriores a la fecha de la solicitud del subsidio extraordinario).<\/li>\n<\/ol>\n\n\n\n<h2 class=\"wp-block-heading\"><strong>Requisitos generales:<\/strong><\/h2>\n\n\n\n<ul class=\"wp-block-list\">\n<li>Carecer del derecho a la protecci\u00f3n por desempleo de nivel contributivo o asistencial.<\/li>\n\n\n\n<li>No tener cumplida la edad que le permita acceder a la pensi\u00f3n de jubilaci\u00f3n, en sus modalidades contributiva o no contributiva.<\/li>\n\n\n\n<li>Carecer de&nbsp;<a href=\"https:\/\/www.sepe.es\/HomeSepe\/Personas\/distributiva-prestaciones\/que-se-considera-renta.html\" rel=\"nofollow noopener\" target=\"_blank\">rentas<\/a>&nbsp;, de cualquier naturaleza, superiores en c\u00f3mputo mensual al 75 por ciento del salario m\u00ednimo interprofesional (SMI), excluida la parte proporcional de dos pagas extraordinarias&nbsp;<a href=\"https:\/\/www.sepe.es\/HomeSepe\/Personas\/distributiva-prestaciones\/Cuantias-anuales.html\" rel=\"nofollow noopener\" target=\"_blank\">(Cuant\u00edas para este a\u00f1o)<\/a>&nbsp;y acreditar&nbsp;<a href=\"https:\/\/www.sepe.es\/HomeSepe\/Personas\/distributiva-prestaciones\/responsabilidades-familiares.html\" rel=\"nofollow noopener\" target=\"_blank\">responsabilidades familiares<\/a>&nbsp;.<\/li>\n\n\n\n<li>Haber cesado de forma involuntaria en el \u00faltimo trabajo realizado en caso de haber trabajado tras el agotamiento del \u00faltimo derecho.<\/li>\n\n\n\n<li>No haber percibido previamente la ayuda econ\u00f3mica de acompa\u00f1amiento establecida en el Programa de Activaci\u00f3n para el Empleo (PAE).<\/li>\n\n\n\n<li>En la fecha de su solicitud, no estar trabajando por cuenta ajena a tiempo parcial o no tener suspendido su contrato de trabajo.<\/li>\n\n\n\n<li>No haber sido beneficiario con anterioridad del subsidio extraordinario por desempleo.<\/li>\n<\/ul>\n\n\n\n<h2 class=\"wp-block-heading\"><strong>Requisitos espec\u00edficos del colectivo que ha agotado el subsidio por desempleo a partir del 01\/03\/2018<\/strong><\/h2>\n\n\n\n<p>Haber permanecido inscrito o inscrita como demandante de empleo durante el plazo de espera de un mes desde el agotamiento del subsidio anterior, sin haber rechazado oferta de empleo adecuada ni haberse negado a participar, salvo causa justificada, en acciones de promoci\u00f3n, formaci\u00f3n o reconversi\u00f3n profesionales, y acreditar que durante ese plazo se han realizado acciones de b\u00fasqueda activa de empleo.<\/p>\n\n\n\n<p>No se encuentran incluidas en este colectivo las personas que hayan extinguido por agotamiento las prestaciones siguientes:<\/p>\n\n\n\n<ul class=\"wp-block-list\">\n<li>El subsidio para personas trabajadoras mayores de 52&nbsp;a\u00f1os por haber alcanzado la edad que les permita acceder a la pensi\u00f3n contributiva de jubilaci\u00f3n.<\/li>\n\n\n\n<li>El subsidio por desempleo o la renta agraria, en favor &nbsp;de las personas trabajadoras eventuales incluidas en el Sistema Especial Agrario de la Seguridad Social.<\/li>\n\n\n\n<li>Los programas de renta activa de inserci\u00f3n (RAI) o los programas de inserci\u00f3n PRODI o PREPARA.<\/li>\n<\/ul>\n\n\n\n<h2 class=\"wp-block-heading\"><strong>Requisitos espec\u00edficos del colectivo de parados de larga duraci\u00f3n<\/strong><\/h2>\n\n\n\n<ol class=\"wp-block-list\">\n<li>Haber extinguido por agotamiento alguna de las siguientes prestaciones:\n<ul class=\"wp-block-list\">\n<li>La prestaci\u00f3n por desempleo o el subsidio por desempleo<\/li>\n\n\n\n<li>Las ayudas econ\u00f3micas vinculadas al <strong>Programa<\/strong> de:\n<ul class=\"wp-block-list\">\n<li>Renta activa de inserci\u00f3n (RAI)<\/li>\n\n\n\n<li>Temporal de protecci\u00f3n por desempleo e inserci\u00f3n (PRODI)<\/li>\n\n\n\n<li>Recualificaci\u00f3n profesional de las personas que agoten su protecci\u00f3n por desempleo (PREPARA).<\/li>\n<\/ul>\n<\/li>\n<\/ul>\n<\/li>\n\n\n\n<li>Haber permanecido inscrito o inscrita como demandante de empleo durante al menos 360 d\u00edas en los 18 meses anteriores a la fecha de la solicitud del subsidio extraordinario.<\/li>\n\n\n\n<li>Estar inscrito o inscrita como demandante de empleo a fecha 1 de mayo de 2018. Este requisito se entender\u00e1 cumplido en los supuestos en que la persona trabajadora, aun no estando inscrita como demandante de empleo en dicha fecha, tenga interrumpida la inscripci\u00f3n debido a la realizaci\u00f3n de un trabajo por cuenta ajena, siempre que la duraci\u00f3n del contrato haya sido por tiempo inferior a 90 d\u00edas.<\/li>\n\n\n\n<li>Acreditar que durante el mes anterior a la fecha de la solicitud ha realizado acciones de b\u00fasqueda activa de empleo.<\/li>\n\n\n\n<li>Haber cesado de forma involuntaria en un trabajo por cuenta ajena previamente al agotamiento del \u00faltimo derecho reconocido.<\/li>\n<\/ol>\n\n\n\n<p>Descarga la <a href=\"https:\/\/entretramites.com\/en\/wp-content\/uploads\/2020\/05\/nota_informativa_subsidio_extraordinario.pdf\" target=\"_blank\" rel=\"noreferrer noopener\">Nota informativa<\/a> sobre subsidio extraordinario por desempleo<\/p>\n","protected":false},"excerpt":{"rendered":"<p>Al subsidio extraordinario por desempleo, regulado en el texto refundido &nbsp;de la Ley General de la Seguridad Social (TRLGSS), podr\u00e1n acceder las personas en desempleo total que se encuentren en alguna de las siguientes situaciones: Requisitos generales: Requisitos espec\u00edficos del colectivo que ha agotado el subsidio por desempleo a partir del 01\/03\/2018 Haber permanecido inscrito [&hellip;]<\/p>\n","protected":false},"author":3,"featured_media":0,"parent":1541,"menu_order":0,"comment_status":"closed","ping_status":"closed","template":"","meta":{"_acf_changed":false,"footnotes":""},"class_list":["post-1560","page","type-page","status-publish","hentry"],"acf":[],"_links":{"self":[{"href":"https:\/\/entretramites.com\/en\/wp-json\/wp\/v2\/pages\/1560","targetHints":{"allow":["GET"]}}],"collection":[{"href":"https:\/\/entretramites.com\/en\/wp-json\/wp\/v2\/pages"}],"about":[{"href":"https:\/\/entretramites.com\/en\/wp-json\/wp\/v2\/types\/page"}],"author":[{"embeddable":true,"href":"https:\/\/entretramites.com\/en\/wp-json\/wp\/v2\/users\/3"}],"replies":[{"embeddable":true,"href":"https:\/\/entretramites.com\/en\/wp-json\/wp\/v2\/comments?post=1560"}],"version-history":[{"count":9,"href":"https:\/\/entretramites.com\/en\/wp-json\/wp\/v2\/pages\/1560\/revisions"}],"predecessor-version":[{"id":56558,"href":"https:\/\/entretramites.com\/en\/wp-json\/wp\/v2\/pages\/1560\/revisions\/56558"}],"up":[{"embeddable":true,"href":"https:\/\/entretramites.com\/en\/wp-json\/wp\/v2\/pages\/1541"}],"wp:attachment":[{"href":"https:\/\/entretramites.com\/en\/wp-json\/wp\/v2\/media?parent=1560"}],"curies":[{"name":"wp","href":"https:\/\/api.w.org\/{rel}","templated":true}]}}