{"id":1195,"date":"2020-05-05T17:56:46","date_gmt":"2020-05-05T15:56:46","guid":{"rendered":"https:\/\/entretramites.com\/en\/?page_id=1195"},"modified":"2023-11-08T20:30:58","modified_gmt":"2023-11-08T19:30:58","slug":"sociedad-limitada-nueva-empresa","status":"publish","type":"page","link":"https:\/\/entretramites.com\/en\/downloadables\/company-bylaws\/sociedad-limitada-nueva-empresa","title":{"rendered":"Model Statutes of New Limited Company (SLNE)"},"content":{"rendered":"\n<p>La Socedad Limitada de Nueva Empresa&nbsp;es una f\u00f3rmula jur\u00eddica que pretende dotar de flexibilidad a la Sociedad Limitada. Entre sus&nbsp;ventajas fiscales est\u00e1 la de poder aplazar deudas sin necesidad de aportar garant\u00edas.<\/p>\n\n\n\n<h1 class=\"wp-block-heading\">definici\u00f3n y caracter\u00edsticas<\/h1>\n\n\n\n<p>La sociedad limitada de nueva empresa es un&nbsp;<a href=\"https:\/\/www.autonomosyemprendedor.es\/articulo\/guias-de-emprendimiento\/tipos-sociedades-formas-juridicas-caracteristicas\/20161217183257010005.html\" target=\"_blank\" rel=\"noreferrer noopener nofollow\">tipo de Sociedad&nbsp;<\/a>de Responsabilidad Limitada nacida en 2003 y que fue regulada por Real Decreto en julio del a\u00f1o 2010.<\/p>\n\n\n\n<p>El n\u00famero m\u00e1ximo de socios se limita a cinco y estos han de ser personas f\u00edsicas -nunca jur\u00eddicas-. \u00c9stos se organizar\u00e1n en dos estructuras, una Junta General de socios y un \u00f3rgano de administraci\u00f3n unipersonal o pluripersonal.<\/p>\n\n\n\n<p>En relaci\u00f3n al&nbsp;<strong>capital social&nbsp;<\/strong>est\u00e9 ser\u00e1 de un m\u00ednimo de 3.000 euros y de un m\u00e1ximo de 120.000 euros. En cualquier caso estar\u00e1 dividido en participaciones sociales, quedando la responsabilidad de los socios frente a terceros limitada al capital aportado.<\/p>\n\n\n\n<p>Adem\u00e1s, la sociedad limitada de nueva empresa contar\u00e1 con las siguientes particularidades:<\/p>\n\n\n\n<ul class=\"wp-block-list\">\n<li>Su&nbsp;objeto social es gen\u00e9rico, lo que permite&nbsp;<strong>mayor flexibilidad en el desarrollo de distintas actividades empresariales<\/strong>&nbsp;sin que sea necesario modificar los estatutos de la sociedad para poder ejercerlas.<\/li>\n\n\n\n<li>La denominaci\u00f3n social se compone de los apellidos y el nombre de uno de los socios m\u00e1s un c\u00f3digo alfanum\u00e9rico \u00fanico (ID-CIRCE). A esto le ha de acompa\u00f1ar la coletilla de \u201cSociedad Limitada Nueva Empresa\u201d o la abreviaci\u00f3n \u201cSLNE\u201d. Por ejemplo, \u201cCastell\u00f3 Montoro, Alfredo, SLNE\u201d.<\/li>\n\n\n\n<li>Se podr\u00e1n utilizar unos estatutos sociales orientativos que reducen los tiempos de notarios y registradores a un m\u00e1ximo de 24 horas cada uno.<\/li>\n\n\n\n<li>Se puede constituir tanto&nbsp;<em>online<\/em>&nbsp;como presencial<\/li>\n\n\n\n<li>Pueden continuar sus operaciones en forma de SRL por acuerdo de la Junta General y adaptaci\u00f3n de los estatutos.&nbsp;<\/li>\n<\/ul>\n\n\n\n<h1 class=\"wp-block-heading\">Ventajas de la sociedad limitada de nueva empresa<\/h1>\n\n\n\n<p>La figura de la sociedad limitada de nueva empresa se cre\u00f3 para facilitar su constituci\u00f3n a los emprendedores. El propio Gobierno, a trav\u00e9s de la p\u00e1gina web del CIRCE (Centro de Informaci\u00f3n y Red de Creaci\u00f3n de Empresas) destaca que si se escoge la forma de tramitaci\u00f3n telem\u00e1tica con unos estatutos sociales orientativos la sociedad puede estar constituida en 48 horas.<\/p>\n\n\n\n<p>Partimos de la base de que al contar con una denominaci\u00f3n social especial -nombre y apellido de uno de los socios junto al ID-CIRCE- el tr\u00e1mite del Registro Mercantil se reduce a un m\u00e1ximo de 24 horas, frente a los tres d\u00edas h\u00e1biles para otros tipos de denominaci\u00f3n social que requieren comprobaciones. &nbsp;<\/p>\n\n\n\n<p>Adem\u00e1s, de la menor burocracia otras de las ventajas son:<\/p>\n\n\n\n<ul class=\"wp-block-list\">\n<li>El objeto social es gen\u00e9rico.<\/li>\n\n\n\n<li>Los \u00f3rganos sociales son sencillos.<\/li>\n\n\n\n<li>El libro de registro de socios no es obligatorio.<\/li>\n\n\n\n<li>Durante los tres meses posteriores a la constituci\u00f3n se puede modificar la denominaci\u00f3n social a coste cero.<\/li>\n\n\n\n<li>La&nbsp;<strong>Convocatoria de Junta General&nbsp;<\/strong>puede realizarse tanto de la forma habitual a todas las Sociedades de Responsabilidad Limitada ordinarias como mediante correo certificado, con acuse de recibo, al domicilio que hayan se\u00f1alado los socios o a trav\u00e9s de correo electr\u00f3nico. En este caso deber\u00e1 acreditarse que se ha enviado tal mensaje. No ser\u00e1 necesario publicar la convocatoria de la junta ni en el Bolet\u00edn Oficial del Registro Mercantil (BORME) ni tampoco en alguno de los diarios de mayor circulaci\u00f3n del t\u00e9rmino municipal en el que se halle el domicilio social de la Sociedad de Responsabilidad Limitada de nueva empresa.&nbsp;<\/li>\n<\/ul>\n\n\n\n<h2 class=\"wp-block-heading\">Ventajas fiscales de la Sociedad de Responsabilidad Limitada de nueva empresa<\/h2>\n\n\n\n<p>Quienes optan por esta f\u00f3rmula para desarrollar su proyecto cuentan con una serie de ventajas fiscales como la posibilidad de&nbsp;<strong>formalizar un aplazamiento sin tener que aportar garant\u00edas sobre&nbsp;las posibles deudas tributarias derivadas del pago del Impuesto de Sociedades<\/strong>&nbsp;de los dos primeros per\u00edodos impositivos concluidos desde la constituci\u00f3n. Tambi\u00e9n &nbsp;podr\u00e1n aplazar sin garant\u00edas el Impuesto sobre Transmisiones Patrimoniales y Actos Jur\u00eddicos Documentados.<\/p>\n\n\n\n<p>Adem\u00e1s, podr\u00e1n aplazar o fraccionar, con garant\u00edas o sin ellas las cantidades procedentes de retenciones o ingresos a cuenta del IRPF (Impuesto de la Renta sobre Personas F\u00edsicas) que se devenguen en el primer a\u00f1o desde su constituci\u00f3n.<\/p>\n\n\n\n<p>Tampoco tienen la obligaci\u00f3n de efectuar pagos fraccionados del Impuesto sobre Sociedades, a cuenta de las liquidaciones correspondientes a los dos primeros per\u00edodos impositivos desde su constituci\u00f3n.<\/p>\n\n\n\n<p>Por otra parte tienen la posibilidad de abrir una cuenta\u2013ahorro empresa&nbsp;para la constituci\u00f3n con una duraci\u00f3n de tres a\u00f1os y con, al menos, un local y un empleado. Esta cuenta\u2013ahorro empresa tendr\u00e1 ventajas fiscales parecidas a la cuenta\u2013ahorro vivienda.<\/p>\n\n\n\n<h1 class=\"wp-block-heading\">&#8220;Inconvenientes&#8221; de la Sociedad Limitada de Nueva Empresa<\/h1>\n\n\n\n<p>Tres son los principales &#8220;inconvenientes&#8221; de la Sociedad Limitada de Nueva Empresa. El primero es la limitaci\u00f3n del n\u00famero de socios a cinco, que adem\u00e1s no podr\u00e1n cotizar en bolsa.&nbsp;<\/p>\n\n\n\n<p>El segundo es que el nombre de la sociedad ser\u00e1 siempre el de uno de los socios, acompa\u00f1ado eso s\u00ed del ID-CIRCE y la correspondiente denominaci\u00f3n completa del tipo de sociedad o sus siglas (SLNE).<\/p>\n\n\n\n<p>El que puede ser un verdadero&nbsp;inconveniente es que, en determinados niveles de beneficios, la tributaci\u00f3n fija del Impuesto de Sociedades puede ser menos beneficiosa que el tipo variable de IRPF.<\/p>\n\n\n\n<h1 class=\"wp-block-heading\">C\u00f3mo se constituye una Sociedad Limitada de Nueva Empresa<\/h1>\n\n\n\n<p>Cuando un emprendedor opta por esta f\u00f3rmula societaria ha de tener en cuenta las particularidades que existen a la hora de constituirla.<\/p>\n\n\n\n<p>Si se opta por el tr\u00e1mite telem\u00e1tico empleando el DUE (Documento \u00danico Electr\u00f3nico) se ahorrar\u00e1n desplazamientos, tiempos y costes, siendo la&nbsp;<strong>duraci\u00f3n del tr\u00e1mite de un m\u00e1ximo de 18 horas h\u00e1biles<\/strong>.<\/p>\n\n\n\n<p>En caso de que se opte por la v\u00eda tradicional el procedimiento pasar\u00e1 por las siguientes etapas.<\/p>\n\n\n\n<ul class=\"wp-block-list\">\n<li>Obtener la denominaci\u00f3n social.<\/li>\n\n\n\n<li>Una vez realizado este tr\u00e1mite la Agencia Tributaria le asignar\u00e1 un&nbsp;n\u00famero de identificaci\u00f3n fiscal (NIF).<\/li>\n\n\n\n<li>En tercer lugar, acudir al notario para la realizaci\u00f3n de la&nbsp;Escritura P\u00fablica<\/li>\n\n\n\n<li>Abonar el correspondiente impuesto sobre transmisiones patrimoniales&nbsp;y actos jur\u00eddicos documentados<\/li>\n\n\n\n<li>Por ultimo, inscribir la empresa en el Registro Mercantil&nbsp;de la provincial que corresponda.<\/li>\n<\/ul>\n\n\n\n<h2 class=\"wp-block-heading\">Gastos de constituci\u00f3n de la Sociedad Limitada de Nueva Empresa<\/h2>\n\n\n\n<p>La Sociedad Limitada de Nueva Empresa no conlleva ning\u00fan gasto adicional al aplicable al resto de sociedades, que dependiendo de las asesor\u00edas que lo gestionen oscila entre los 400 y 1.000 euros.&nbsp;Cabe recordar tambi\u00e9n que el capital social a depositar ser\u00e1 de entre 3.000 y 12.000 euros.&nbsp;<\/p>\n\n\n\n<h2 class=\"wp-block-heading\"><strong>Modelo de estatutos para una Sociedad Limitada Nueva Empresa<\/strong><\/h2>\n\n\n\n<p>Este&nbsp;<strong>modelo de estatutos de Sociedad Limitada Nueva Empresa<\/strong>&nbsp;(SLNE), disponible en Word, te permitir\u00e1 preparar los estatutos necesarios para constituir la sociedad y para regir el funcionamiento de la misma.<\/p>\n\n\n\n<p>Se trata de un completo modelo de estatutos de una SLNE que incluye todos los\u00a0<strong>apartados\u00a0necesarios:<\/strong>\u00a0objeto social, duraci\u00f3n de la sociedad, domicilio social, capital social, \u00f3rganos sociales, Junta, \u00f3rgano de administraci\u00f3n, adopci\u00f3n de acuerdos, ejercicio social y disoluci\u00f3n.<\/p>\n\n\n\n<p><\/p>\n\n\n\n<div class=\"wp-block-button aligncenter\"><a class=\"wp-block-button__link has-white-color has-text-color has-background wp-element-button\" href=\"https:\/\/entretramites.com\/en\/download-form\" style=\"background-color:#293c90\">Download<\/a><\/div>\n\n\n\n<p><\/p>\n\n\n\n<p>Ley de Sociedades de Capital <a href=\"https:\/\/www.boe.es\/buscar\/pdf\/2010\/BOE-A-2010-10544-consolidado.pdf\" rel=\"nofollow noopener\" target=\"_blank\">aqu\u00ed<\/a><\/p>\n","protected":false},"excerpt":{"rendered":"<p>Este modelo de estatutos de Sociedad Limitada Nueva Empresa (SLNE) editable, te permitir\u00e1 preparar los estatutos necesarios para constituir la sociedad<\/p>\n","protected":false},"author":3,"featured_media":0,"parent":1174,"menu_order":0,"comment_status":"closed","ping_status":"closed","template":"","meta":{"_acf_changed":false,"footnotes":""},"class_list":["post-1195","page","type-page","status-publish","hentry"],"acf":[],"_links":{"self":[{"href":"https:\/\/entretramites.com\/en\/wp-json\/wp\/v2\/pages\/1195","targetHints":{"allow":["GET"]}}],"collection":[{"href":"https:\/\/entretramites.com\/en\/wp-json\/wp\/v2\/pages"}],"about":[{"href":"https:\/\/entretramites.com\/en\/wp-json\/wp\/v2\/types\/page"}],"author":[{"embeddable":true,"href":"https:\/\/entretramites.com\/en\/wp-json\/wp\/v2\/users\/3"}],"replies":[{"embeddable":true,"href":"https:\/\/entretramites.com\/en\/wp-json\/wp\/v2\/comments?post=1195"}],"version-history":[{"count":2,"href":"https:\/\/entretramites.com\/en\/wp-json\/wp\/v2\/pages\/1195\/revisions"}],"predecessor-version":[{"id":35066,"href":"https:\/\/entretramites.com\/en\/wp-json\/wp\/v2\/pages\/1195\/revisions\/35066"}],"up":[{"embeddable":true,"href":"https:\/\/entretramites.com\/en\/wp-json\/wp\/v2\/pages\/1174"}],"wp:attachment":[{"href":"https:\/\/entretramites.com\/en\/wp-json\/wp\/v2\/media?parent=1195"}],"curies":[{"name":"wp","href":"https:\/\/api.w.org\/{rel}","templated":true}]}}