{"id":1189,"date":"2020-05-05T17:39:02","date_gmt":"2020-05-05T15:39:02","guid":{"rendered":"https:\/\/entretramites.com\/en\/?page_id=1189"},"modified":"2023-11-08T20:30:20","modified_gmt":"2023-11-08T19:30:20","slug":"cooperative-bylaws","status":"publish","type":"page","link":"https:\/\/entretramites.com\/en\/downloadables\/company-bylaws\/cooperative-bylaws","title":{"rendered":"Cooperative Bylaws Form"},"content":{"rendered":"\n<p>Una cooperativa es una sociedad que tiene ciertas diferencias con respecto a otros modelos de organizaciones empresariales m\u00e1s populares, como por ejemplo la Sociedad An\u00f3nima o la Sociedad Limitada. <\/p>\n\n\n\n<p>La principal diferencia es que est\u00e1 compuesta por personas que deciden asociarse entre s\u00ed, de manera que todas ellas conforman, a partes iguales, la organizaci\u00f3n creada. <\/p>\n\n\n\n<p>Las cooperativas, al ser una sociedad con fines empresariales, tienen que contar con una serie de Estatutos en los que se deben establecer cuestiones como el nombre y tipo de sociedad, el domicilio social, la duraci\u00f3n prevista de la misma o el objeto para el que se ha creado la cooperativa. <\/p>\n\n\n\n<p>El capital social m\u00ednimo, la aportaci\u00f3n m\u00ednima a este capital social por parte de los participantes y las normas para repartir p\u00e9rdidas o beneficios son otras cuestiones que deben estar declaradas en los estatutos de la organizaci\u00f3n. <\/p>\n\n\n\n<p>Es evidente, a tenor de las cuestiones planteadas, que estamos ante una agrupaci\u00f3n de personas que tienen intenci\u00f3n de comercializar productos y servicios. <\/p>\n\n\n\n<p>En definitiva, el objeto de la cooperativa es realizar actividades empresariales, de ah\u00ed que se deban determinar estas cuestiones como si fuera una empresa \u2018normal\u2019. De hecho, lo es. <\/p>\n\n\n\n<h2 class=\"wp-block-heading\">Obligaciones en una cooperativa <\/h2>\n\n\n\n<p>Derivado de lo anterior, se crean una serie de obligaciones para los miembros de la cooperativa, m\u00e1s all\u00e1 de las establecidas por los estatutos. <\/p>\n\n\n\n<p>Por ejemplo, una cooperativa debe quedar registrada en el Registro de Sociedades Cooperativas, en un plazo m\u00e1ximo de dos meses desde el momento de su constituci\u00f3n. Para ello, se debe celebrar una Asamblea del tipo constituyente, en donde se elegir\u00e1 un Secretario y un Presidente, y en donde los miembros mostrar\u00e1n su conformidad con los estatutos redactados. <\/p>\n\n\n\n<p>Este es el punto m\u00e1s importante de este tipo de sociedades: la conformidad con las \u2018normas internas\u2019 en la cooperativa. Tanto es as\u00ed, que la Ley concibe la posibilidad de que las cooperativas sean constituidas sin la mencionada asamblea. Se podr\u00e1, por tanto, inscribir una nueva cooperativa si se presenta la escritura de constituci\u00f3n firmada por los promotores de la organizaci\u00f3n empresarial reci\u00e9n creada. <\/p>\n\n\n\n<h2 class=\"wp-block-heading\">Diferencias entre una cooperativa y una empresa<\/h2>\n\n\n\n<p>La principal diferencia viene determinada por la propiedad de la organizaci\u00f3n. Mientras que en una cooperativa todos los socios son propietarios, en una empresa lo son los accionistas.<\/p>\n\n\n\n<p>\u00bfQu\u00e9 consecuencias tiene esto? En primer lugar, los trabajadores de una cooperativa son los propios due\u00f1os de la actividad, de manera que el rendimiento de sus acciones recae sobre ellos mismos, ya sea en positivo o en negativo.<\/p>\n\n\n\n<p>En el caso de una sociedad empresarial constituida como tal, la responsabilidad recae sobre la junta directiva, en ning\u00fan caso sobre los trabajadores contratados para desarrollar ciertas actividades. De este modo, si hay beneficios en una empresa, estos ir\u00e1n a parar a la propia empresa y, en segundo lugar, a los accionistas. En una cooperativa, las ganancias van a parar a partes iguales sobre cada uno de los miembros asociados. <\/p>\n\n\n\n<h2 class=\"wp-block-heading\">Funcionamiento en una cooperativa<\/h2>\n\n\n\n<p>Precisamente, este principio de igualdad y equidad entre socios, es el que marca el funcionamiento de una cooperativa. Muchos expertos la relacionan con un modelo para generar negocio m\u00e1s coherente y menos vinculado con la parte m\u00e1s dura y voraz del capitalismo. <\/p>\n\n\n\n<p>Toda la gesti\u00f3n de la cooperativa se realiza de forma democr\u00e1tica por los miembros, a trav\u00e9s de decisiones que se ponen en valor y se deciden en las Asambleas, con la participaci\u00f3n de todos los socios de la cooperativa.<\/p>\n\n\n\n<p>La base del funcionamiento de la una cooperativa es que las decisiones, las responsabilidades y los beneficios se reparten de forma equitativa, frente a la toma de decisiones y poder que otorga una empresa a un grupo limitado de sus miembros.&nbsp;<\/p>\n\n\n\n<h3 class=\"wp-block-heading\">Modelo para una Cooperativa<\/h3>\n\n\n\n<p>Este&nbsp;<strong>modelo de estatutos de una cooperativa<\/strong>, disponible en Word, te permitir\u00e1 preparar los estatutos necesarios para constituir la cooperativa. Dichos estatutos regir\u00e1n el funcionamiento de la misma.<\/p>\n\n\n\n<p>Se trata de un completo modelo de estatutos de cooperativas, que incluye todos los &nbsp;<strong>apartados&nbsp;necesarios:<\/strong><\/p>\n\n\n\n<ul class=\"wp-block-list\">\n<li>objeto social<\/li>\n\n\n\n<li>duraci\u00f3n de la sociedad<\/li>\n\n\n\n<li>domicilio social<\/li>\n\n\n\n<li>capital social<\/li>\n\n\n\n<li>\u00f3rganos sociales<\/li>\n\n\n\n<li>Junta<\/li>\n\n\n\n<li>\u00f3rgano de administraci\u00f3n<\/li>\n\n\n\n<li>adopci\u00f3n de acuerdos<\/li>\n\n\n\n<li>ejercicio social<\/li>\n\n\n\n<li>disoluci\u00f3n<\/li>\n<\/ul>\n\n\n\n<p><\/p>\n\n\n\n<div class=\"wp-block-button aligncenter\"><a class=\"wp-block-button__link has-white-color has-text-color has-background wp-element-button\" href=\"https:\/\/entretramites.com\/en\/download-form\" style=\"background-color:#293c90\">Download<\/a><\/div>\n\n\n\n<p><\/p>\n\n\n\n<p>Ley de Sociedades de Capital <a href=\"https:\/\/www.boe.es\/buscar\/pdf\/2010\/BOE-A-2010-10544-consolidado.pdf\" rel=\"nofollow noopener\" target=\"_blank\">aqu\u00ed<\/a><\/p>\n","protected":false},"excerpt":{"rendered":"<p>Este modelo, te permitir\u00e1 preparar los estatutos necesarios para constituir una Cooperativa. Dichos estatutos regir\u00e1n el funcionamiento de la misma.<\/p>\n","protected":false},"author":3,"featured_media":0,"parent":1174,"menu_order":0,"comment_status":"closed","ping_status":"closed","template":"","meta":{"_acf_changed":false,"footnotes":""},"class_list":["post-1189","page","type-page","status-publish","hentry"],"acf":[],"_links":{"self":[{"href":"https:\/\/entretramites.com\/en\/wp-json\/wp\/v2\/pages\/1189","targetHints":{"allow":["GET"]}}],"collection":[{"href":"https:\/\/entretramites.com\/en\/wp-json\/wp\/v2\/pages"}],"about":[{"href":"https:\/\/entretramites.com\/en\/wp-json\/wp\/v2\/types\/page"}],"author":[{"embeddable":true,"href":"https:\/\/entretramites.com\/en\/wp-json\/wp\/v2\/users\/3"}],"replies":[{"embeddable":true,"href":"https:\/\/entretramites.com\/en\/wp-json\/wp\/v2\/comments?post=1189"}],"version-history":[{"count":3,"href":"https:\/\/entretramites.com\/en\/wp-json\/wp\/v2\/pages\/1189\/revisions"}],"predecessor-version":[{"id":35065,"href":"https:\/\/entretramites.com\/en\/wp-json\/wp\/v2\/pages\/1189\/revisions\/35065"}],"up":[{"embeddable":true,"href":"https:\/\/entretramites.com\/en\/wp-json\/wp\/v2\/pages\/1174"}],"wp:attachment":[{"href":"https:\/\/entretramites.com\/en\/wp-json\/wp\/v2\/media?parent=1189"}],"curies":[{"name":"wp","href":"https:\/\/api.w.org\/{rel}","templated":true}]}}