{"id":1140,"date":"2020-05-05T15:27:27","date_gmt":"2020-05-05T13:27:27","guid":{"rendered":"https:\/\/entretramites.com\/en\/?page_id=1140"},"modified":"2023-11-08T19:57:55","modified_gmt":"2023-11-08T18:57:55","slug":"form-100-irpf","status":"publish","type":"page","link":"https:\/\/entretramites.com\/en\/tax-agency-social-security-forms\/form-100-irpf","title":{"rendered":"Form 100 Personal Income Tax &#8211; Personal Income Tax"},"content":{"rendered":"\n<p>El<strong> Modelo 100 IRPF <\/strong>es el documento de ingreso o devoluci\u00f3n de la declaraci\u00f3n del Impuesto sobre la Renta de las Personas F\u00edsicas \/ Modelo 102. Documento de ingreso del segundo plazo de la declaraci\u00f3n del Impuesto sobre la Renta de las Personas F\u00edsicas.<\/p>\n\n\n\n<h2 class=\"wp-block-heading\">\u00bfQui\u00e9n debe rellenar el modelo 100 IRPF?<\/h2>\n\n\n\n<p>De acuerdo con lo establecido en el&nbsp;<a href=\"https:\/\/www.iberley.es\/legislacion\/ley-35-2006-28-nov-irpf-impuesto-sobre-renta-personas-fisicas-4140118?ancla=77018#ancla_77018\" target=\"_blank\" rel=\"noreferrer noopener nofollow\">Art. 96<\/a>&nbsp;,<a href=\"https:\/\/www.iberley.es\/legislacion\/ley-35-2006-28-nov-irpf-impuesto-sobre-renta-personas-fisicas-4140118\" target=\"_blank\" rel=\"noreferrer noopener nofollow\">LIRPF<\/a>&nbsp;y&nbsp;<a href=\"https:\/\/www.iberley.es\/legislacion\/ley-35-2006-28-nov-irpf-impuesto-sobre-renta-personas-fisicas-4140118?ancla=156649#ancla_156649\" target=\"_blank\" rel=\"noreferrer noopener nofollow\">DT18<\/a>&nbsp;,<a href=\"https:\/\/www.iberley.es\/legislacion\/ley-35-2006-28-nov-irpf-impuesto-sobre-renta-personas-fisicas-4140118\" target=\"_blank\" rel=\"noreferrer noopener nofollow\">LIRPF<\/a>,&nbsp;<a href=\"https:\/\/www.iberley.es\/legislacion\/ley-35-2006-28-nov-irpf-impuesto-sobre-renta-personas-fisicas-4140118\/16#ancla_9506447\" target=\"_blank\" rel=\"noreferrer noopener nofollow\">DT 34\u00aa<\/a>&nbsp;y en el&nbsp;<a href=\"https:\/\/www.iberley.es\/legislacion\/real-decreto-439-2007-30-mar-reglamento-irpf-modifica-real-decreto-304-2004-reglamento-planes-fondos-pensiones-4427659?ancla=49026#ancla_49026\" target=\"_blank\" rel=\"noreferrer noopener nofollow\">Art. 61<\/a>&nbsp;,<a href=\"https:\/\/www.iberley.es\/legislacion\/real-decreto-439-2007-30-mar-reglamento-irpf-modifica-real-decreto-304-2004-reglamento-planes-fondos-pensiones-4427659\" target=\"_blank\" rel=\"noreferrer noopener nofollow\">RIRPF<\/a>, los contribuyentes estar\u00e1n obligados a presentar y suscribir declaraci\u00f3n por este Impuesto.<\/p>\n\n\n\n<p>No obstante, no tendr\u00e1n que declarar los contribuyentes que hayan obtenido en el ejercicio 2019 las rentas procedentes exclusivamente de las fuentes previstas en el art\u00edculo 1 de la Orden HAC\/227\/2019, de 4 de marzo, en tributaci\u00f3n individual o conjunta.<\/p>\n\n\n\n<h2 class=\"wp-block-heading\">\u00bfD\u00f3nde y cu\u00e1ndo se debe presentar el modelo 100 IRPF?<\/h2>\n\n\n\n<p>Estos modelos se dirigir\u00e1n a la A<a href=\"https:\/\/www.agenciatributaria.gob.es\/\" target=\"_blank\" rel=\"noreferrer noopener nofollow\">gencia Estatal de la Administraci\u00f3n Tributaria<\/a>.<\/p>\n\n\n\n<p>\u2192 El plazo de presentaci\u00f3n del borrador de declaraci\u00f3n y de las declaraciones del<strong>&nbsp;Impuesto sobre la Renta de las Personas F\u00edsicas<\/strong>, cualquiera que sea su resultado, ser\u00e1 el comprendido entre los d\u00edas 2 de abril y el 1 de julio de 2019, ambos inclusive.<\/p>\n\n\n\n<p>(Sin perjuicio del plazo espec\u00edficamente establecido en el art\u00edculo 14.3 de la orden para la domiciliaci\u00f3n bancaria del pago de las deudas tributarias resultantes de las mismas, salvo que se opte por domiciliar \u00fanicamente el segundo plazo, en cuyo caso la confirmaci\u00f3n y presentaci\u00f3n podr\u00e1 realizarse hasta el 1 de julio de 2019)<\/p>\n\n\n\n<h4 class=\"wp-block-heading\"><strong>FORMAS DE PRESENTACI\u00d3N<\/strong><\/h4>\n\n\n\n<ul class=\"wp-block-list\">\n<li>Telem\u00e1tica.<\/li>\n\n\n\n<li>Oficinas de la AEAT.<\/li>\n\n\n\n<li>Entidades Colaboradoras.<\/li>\n\n\n\n<li>Otras oficinas habilitadas para la confecci\u00f3n de declaraciones tributarias mediante el programa de ayuda de la AEAT.<\/li>\n<\/ul>\n\n\n\n<p>Puedes hacerlo t\u00fa o casi mejor contar con el apoyo&nbsp;<a href=\"https:\/\/entretramites.com\/en\/contact-form\" target=\"_blank\" rel=\"noreferrer noopener\">nosotros<\/a>, siempre es bueno dejar los temas fiscales en manos de especialistas.<\/p>\n","protected":false},"excerpt":{"rendered":"<p>Descargar el modelo 100 IRPF. Para la declaraci\u00f3n del Impuesto sobre la Renta de las Personas F\u00edsicas y del Impuesto sobre el Patrimonio.<\/p>\n","protected":false},"author":3,"featured_media":0,"parent":1092,"menu_order":0,"comment_status":"closed","ping_status":"closed","template":"","meta":{"_acf_changed":false,"footnotes":""},"class_list":["post-1140","page","type-page","status-publish","hentry"],"acf":[],"_links":{"self":[{"href":"https:\/\/entretramites.com\/en\/wp-json\/wp\/v2\/pages\/1140","targetHints":{"allow":["GET"]}}],"collection":[{"href":"https:\/\/entretramites.com\/en\/wp-json\/wp\/v2\/pages"}],"about":[{"href":"https:\/\/entretramites.com\/en\/wp-json\/wp\/v2\/types\/page"}],"author":[{"embeddable":true,"href":"https:\/\/entretramites.com\/en\/wp-json\/wp\/v2\/users\/3"}],"replies":[{"embeddable":true,"href":"https:\/\/entretramites.com\/en\/wp-json\/wp\/v2\/comments?post=1140"}],"version-history":[{"count":7,"href":"https:\/\/entretramites.com\/en\/wp-json\/wp\/v2\/pages\/1140\/revisions"}],"predecessor-version":[{"id":56228,"href":"https:\/\/entretramites.com\/en\/wp-json\/wp\/v2\/pages\/1140\/revisions\/56228"}],"up":[{"embeddable":true,"href":"https:\/\/entretramites.com\/en\/wp-json\/wp\/v2\/pages\/1092"}],"wp:attachment":[{"href":"https:\/\/entretramites.com\/en\/wp-json\/wp\/v2\/media?parent=1140"}],"curies":[{"name":"wp","href":"https:\/\/api.w.org\/{rel}","templated":true}]}}