{"id":1135,"date":"2020-05-05T15:04:13","date_gmt":"2020-05-05T13:04:13","guid":{"rendered":"https:\/\/entretramites.com\/en\/?page_id=1135"},"modified":"2023-11-08T19:57:06","modified_gmt":"2023-11-08T18:57:06","slug":"form-131-irpf","status":"publish","type":"page","link":"https:\/\/entretramites.com\/en\/tax-agency-social-security-forms\/form-131-irpf","title":{"rendered":"Form 131 IRPF objective estimation"},"content":{"rendered":"\n<p>Descarga el&nbsp;<strong>modelo 131<\/strong>&nbsp;el cual es un modelo que trimestralmente los aut\u00f3nomos que se encuentren en&nbsp;<strong>estimaci\u00f3n objetiva (m\u00f3dulos)<\/strong>&nbsp;tienen la obligaci\u00f3n de presentar ante la Agencia tributaria.<\/p>\n\n\n\n<p>Es el documento que sirve a los aut\u00f3nomos para la presentaci\u00f3n de pagos fraccionados a hacienda del IRPF.<\/p>\n\n\n\n<p>El modelo 131 se presenta ante Hacienda 4 veces al a\u00f1o:<\/p>\n\n\n\n<ul class=\"wp-block-list\">\n<li>Primer trimestre: Del 1 al 20 de abril<\/li>\n\n\n\n<li>Segundo trimestre: Del 1 al 20 de julio<\/li>\n\n\n\n<li>Tercer trimestre: Del 1 al 20 de octubre<\/li>\n\n\n\n<li>Cuarto trimestre: Del 1 al 30 de enero<\/li>\n<\/ul>\n\n\n\n<h2 class=\"wp-block-heading\">\u00bfQui\u00e9nes est\u00e1n obligados a presentar el modelo 131?<\/h2>\n\n\n\n<p>Las personas cuyas ganancias se determinen por la modalidad de Estimaci\u00f3n Objetiva o M\u00f3dulos. Tales como los aut\u00f3nomos, profesionales y socios de sociedades civiles y comunidades de bienes que hacen una actividad econ\u00f3mica.<\/p>\n\n\n\n<p>En el caso en particular de las sociedades civiles y comunidades de bienes el pago fraccionado y la declaraci\u00f3n por a\u00f1o que corresponde a los rendimientos obtenidos, se har\u00e1 por cada uno de los socios en proporci\u00f3n a la participaci\u00f3n en el beneficio de la entidad en (r\u00e9gimen de atribuci\u00f3n de rentas).<\/p>\n\n\n\n<h2 class=\"wp-block-heading\">\u00bfC\u00f3mo se cumplimenta?<\/h2>\n\n\n\n<h3 class=\"wp-block-heading\">1- Declarante:<\/h3>\n\n\n\n<p>La&nbsp;<a href=\"https:\/\/www2.agenciatributaria.gob.es\/wlpl\/A131-PW15\/index.zul\" target=\"_blank\" rel=\"noreferrer noopener nofollow\">Agencia Estatal de Administraci\u00f3n Tributaria<\/a>&nbsp;proporciona etiquetas identificativas, se debe pegar una de ella en el espacio reservado en cada una de las hojas de este documento. En caso de que no contara con est\u00e1s etiquetas rellene los datos de identificaci\u00f3n que se piden.<\/p>\n\n\n\n<h3 class=\"wp-block-heading\">2- Devengo:<\/h3>\n\n\n\n<ul class=\"wp-block-list\">\n<li><em>Ejercicio:<\/em>&nbsp;Se escribir\u00e1n las cuatro cifras del a\u00f1o al se har\u00e1 la declaraci\u00f3n la declaraci\u00f3n.<\/li>\n\n\n\n<li><em>Per\u00edodo:<\/em>&nbsp;Seg\u00fan sea el caso a la primera, segunda, tercera o cuarta declaraci\u00f3n se pondr\u00e1 1, 2, 3 o 4 respectivamente del a\u00f1o natural.<\/li>\n<\/ul>\n\n\n\n<h3 class=\"wp-block-heading\">3- Liquidaci\u00f3n<\/h3>\n\n\n\n<h4 class=\"wp-block-heading\"><strong>I. Actividades econ\u00f3micas en estimaci\u00f3n objetiva distintas de las agr\u00edcolas, ganaderas y forestales<\/strong><\/h4>\n\n\n\n<ul class=\"wp-block-list\">\n<li><em>Actividad (ep\u00edgrafe IAE):<\/em>&nbsp;Se rellenar\u00e1 el ep\u00edgrafe del Impuesto sobre Actividades Econ\u00f3micas (IAE) que corresponde a cada una de las actividades econ\u00f3micas ejercidas.<\/li>\n\n\n\n<li><em>Rendimiento neto de la actividad a efectos del pago fraccionado:<\/em>&nbsp;Poner en estas casillas la rentabilidad netas que corresponda a cada una de las actividades econ\u00f3micas ejercidas a las que se re\ufb01ere el impreso (Casilla 1). <\/li>\n\n\n\n<li><em>Porcentaje Aplicable:<\/em>&nbsp;Todas las actividades declaradas en este apartado, se har\u00e1 constar el porcentaje para acordar la cantidad del pago fraccionario, en funci\u00f3n al n\u00famero de asalariados en la fecha a la que corresponden los datos. Los porcentajes son los siguientes:\n<ul class=\"wp-block-list\">\n<li>Ni una sola persona : 2%<\/li>\n\n\n\n<li>Una persona: 3%<\/li>\n\n\n\n<li>Dos personas o m\u00e1s: 4%En la casilla n\u00famero 2: Se anotar\u00e1 la suma de los resultados que corresponden a todas las actividades que se declararon en este apartado.<\/li>\n<\/ul>\n<\/li>\n<\/ul>\n\n\n\n<h4 class=\"wp-block-heading\"><strong>II- Actividades econ\u00f3micas en estimaci\u00f3n objetiva distintas de las agr\u00edcolas, ganaderas y forestales, sin posibilidad de determinar ninguno de los datos-base a efectos del pago fraccionado<\/strong><\/h4>\n\n\n\n<p>En la casilla n\u00famero 3: Se escribir\u00e1n los ingresos o volumen que corresponder\u00e1n a las ventas del trimestre, se incluyen las subvenciones corrientes y descartadas las subvenciones de capital y las indemnizaciones.<\/p>\n\n\n\n<p>En la casilla n\u00famero 4: se escribir\u00e1 la cantidad que resulte de la aplicaci\u00f3n del porcentaje del 2 % sobre el impuesto que se refleja en la casilla anterior (casilla 3).<\/p>\n\n\n\n<h4 class=\"wp-block-heading\"><strong>III- Actividades agr\u00edcolas, ganaderas y forestales en estimaci\u00f3n objetiva<\/strong><\/h4>\n\n\n\n<p>En la casilla N\u00famero 5: Se escribir\u00e1 la cantidad de egresos del trimestre por el que se har\u00e1 el pago fraccionario, incluyendo las subvenciones corrientes y excluidas las subvenciones de capital y las indemnizaciones.<\/p>\n\n\n\n<p>En la casilla N\u00famero 6: Se escribir\u00e1 el importe que resulte de la aplicaci\u00f3n del 2% sobre el importe reflejado en la casilla n\u00famero 5. Si es un agricultor joven o un asalariado agrario que cumple una serie de requisitos, podr\u00e1 reducirlo en un 25%.<\/p>\n\n\n\n<h4 class=\"wp-block-heading\"><strong>IV- Total liquidaci\u00f3n<\/strong><\/h4>\n\n\n\n<p>En la casilla n\u00famero 9: se escribir\u00e1 la deducci\u00f3n por los rendimientos anuales de las actividades econ\u00f3micas que sean inferiores o iguales a 12.000 euros (ver condiciones art. 80 bis Ley IRPF):<\/p>\n\n\n\n<ul class=\"wp-block-list\">\n<li>Rendimiento por a\u00f1o igual o por debajo a 8.000 euros al a\u00f1o, esta deducci\u00f3n se eleva a 400 euros.<\/li>\n\n\n\n<li>Rendimiento por a\u00f1o entre 8.000,01 y 12.000 euros, 400 euros menos el producto de multiplicar por 0,1 la diferencia entre este rendimiento y 8.000.<\/li>\n<\/ul>\n\n\n\n<h3 class=\"wp-block-heading\">4- Ingreso:<\/h3>\n\n\n\n<p>El monto de la casilla 15 debe ser positiva y esa ser\u00e1 la cantidad que debamos pagar y por tanto se pondr\u00e1 su importe en la clave I del apartado \u201cIngreso\u201d y se marcar\u00e1 con una \u201cX\u201d la casilla de la forma de pago. Si el ingreso se realiza mediante adeudo en cuenta, completaremos los datos de la cuenta de adeudo (c\u00f3digo cuenta cliente).<\/p>\n\n\n\n<h3 class=\"wp-block-heading\">5- A deducir:<\/h3>\n\n\n\n<p>Si la carilla 15 es negativa y se trata de una declaraci\u00f3n que corresponde a alguno de los primeros tres trimestres, marcaremos con una \u201cX\u201d en el espacio destinado al efecto dentro del apartado \u201cA deducir\u201d. En este caso, el importe negativo de la casilla 15 se puede deducir en cualquiera de los siguientes pagos fraccionados del mismo a\u00f1o. Por otro lado, si la casilla 15 es negativa (con signo menos -) y se trata de una declaraci\u00f3n correspondiente al 4. \u00ba trimestre, no se realizar\u00e1 este apartado, sino el apartado \u201cNegativa\u201d (6).<\/p>\n\n\n\n<h3 class=\"wp-block-heading\">6- Complementaria:<\/h3>\n\n\n\n<p>Se marcar\u00e1 con una \u201cX\u201d en la casilla indicada cuando esta declaraci\u00f3n sea complementaria. Anotando tambi\u00e9n en este apartado el n\u00famero identi\ufb01cativo de 13 d\u00edgitos que \ufb01gura preimpreso en la numeraci\u00f3n del c\u00f3digo de barras de la declaraci\u00f3n anterior. De ya haberse presentado anteriormente m\u00e1s de una declaraci\u00f3n, se deber\u00e1 hacer constar el n\u00famero identi\ufb01cativo de la \u00faltima.<\/p>\n\n\n\n<h3 class=\"wp-block-heading\">7. Firma:<\/h3>\n\n\n\n<p>Finalmente para complementar el modelo 131 se firmar\u00e1 por el contribuyente o su representante. Es importante recordar que si se tiene el certificado o firma electr\u00f3nica se podr\u00e1 hacer la presentaci\u00f3n de este modelo a trav\u00e9s de la p\u00e1gina de la Administraci\u00f3n Tributaria.<\/p>\n\n\n\n<p>Si tienes alguna duda o quieres saber m\u00e1s sobre este tr\u00e1mite, no dudes en <a href=\"https:\/\/entretramites.com\/en\/contact-form\" target=\"_blank\" rel=\"noreferrer noopener\">contactarnos<\/a>.<\/p>\n","protected":false},"excerpt":{"rendered":"<p>Descarga el modelo 131 el cual es un modelo que trimestralmente los aut\u00f3nomos tienen la obligaci\u00f3n de presentar ante la Agencia tributaria.<\/p>\n","protected":false},"author":3,"featured_media":0,"parent":1092,"menu_order":0,"comment_status":"closed","ping_status":"closed","template":"","meta":{"_acf_changed":false,"footnotes":""},"class_list":["post-1135","page","type-page","status-publish","hentry"],"acf":[],"_links":{"self":[{"href":"https:\/\/entretramites.com\/en\/wp-json\/wp\/v2\/pages\/1135","targetHints":{"allow":["GET"]}}],"collection":[{"href":"https:\/\/entretramites.com\/en\/wp-json\/wp\/v2\/pages"}],"about":[{"href":"https:\/\/entretramites.com\/en\/wp-json\/wp\/v2\/types\/page"}],"author":[{"embeddable":true,"href":"https:\/\/entretramites.com\/en\/wp-json\/wp\/v2\/users\/3"}],"replies":[{"embeddable":true,"href":"https:\/\/entretramites.com\/en\/wp-json\/wp\/v2\/comments?post=1135"}],"version-history":[{"count":9,"href":"https:\/\/entretramites.com\/en\/wp-json\/wp\/v2\/pages\/1135\/revisions"}],"predecessor-version":[{"id":56594,"href":"https:\/\/entretramites.com\/en\/wp-json\/wp\/v2\/pages\/1135\/revisions\/56594"}],"up":[{"embeddable":true,"href":"https:\/\/entretramites.com\/en\/wp-json\/wp\/v2\/pages\/1092"}],"wp:attachment":[{"href":"https:\/\/entretramites.com\/en\/wp-json\/wp\/v2\/media?parent=1135"}],"curies":[{"name":"wp","href":"https:\/\/api.w.org\/{rel}","templated":true}]}}