{"id":1126,"date":"2020-05-05T14:45:08","date_gmt":"2020-05-05T12:45:08","guid":{"rendered":"https:\/\/entretramites.com\/en\/?page_id=1126"},"modified":"2023-11-08T20:08:52","modified_gmt":"2023-11-08T19:08:52","slug":"form-tc131","status":"publish","type":"page","link":"https:\/\/entretramites.com\/en\/tax-agency-social-security-forms\/form-tc131","title":{"rendered":"Form TC13\/1 Refund of undue income"},"content":{"rendered":"\n<p>Descarga el Modelo TC13\/1 oficial, para la solicitud de <strong>devoluci\u00f3n de ingresos indebidos <\/strong>a la Seguridad Social.&nbsp;<\/p>\n\n\n\n<p>El modelo TC13\/1 versa sobre la&nbsp;<strong>&#8220;Devoluci\u00f3n de ingresos indebidos&#8221;<\/strong>, que es el procedimiento por el cual el obligado tributario solicita la devoluci\u00f3n de las deudas tributarias que se hayan ingresado indebidamente en la Administraci\u00f3n.<\/p>\n\n\n\n<h2 class=\"wp-block-heading\">\u00bfC\u00f3mo solicitar la devoluci\u00f3n de Ingresos Indebidos en Seguridad Social?<\/h2>\n\n\n\n<p>En alguna que otra ocasi\u00f3n has tenido que&nbsp;<strong>solicitar una&nbsp;devoluci\u00f3n de ingresos indebidos<\/strong>&nbsp;por alg\u00fan pago duplicado o por realizar una cotizaci\u00f3n superior al que deber\u00eda ser. Por esta misma raz\u00f3n, te indicar\u00e9 cada uno de los procesos a realizar para la solicitud de ingresos indebidos, a su vez, tambi\u00e9n te mostrar\u00e9 un caso pr\u00e1ctico a realizar en el apartado de la Sede electr\u00f3nica de la Seguridad Social.<\/p>\n\n\n\n<h2 class=\"wp-block-heading\">\u00bfQu\u00e9 es una solicitud de ingresos indebidos o devoluci\u00f3n de cuotas?<\/h2>\n\n\n\n<p>La solicitud de ingresos indebidos se pueden realizar por varias razones, pero en resumidas cuentas es aquella petici\u00f3n por parte de la empresa por haber realizado un pago superior del que corresponde a la&nbsp;<strong><a href=\"https:\/\/ayudagestorias.es\/glosario\/que-es-la-tesoreria-general-de-la-seguridad-social\/\" rel=\"nofollow noopener\" target=\"_blank\">TGSS<\/a><\/strong>&nbsp;en cuestiones relacionadas a cotizaci\u00f3n.<\/p>\n\n\n\n<p>Pueden solicitarlos empresas,&nbsp;<a href=\"https:\/\/ayudagestorias.es\/autonomos\/\" rel=\"nofollow noopener\" target=\"_blank\">trabajadores aut\u00f3nomos<\/a>, trabajadores por cuenta ajena, trabajadores del sistema especial agrario, empleados del hogar, etc.<\/p>\n\n\n\n<h3 class=\"wp-block-heading\">Casos en el que se aplica la solicitud de devoluci\u00f3n por ingresos indebidos<\/h3>\n\n\n\n<ul class=\"wp-block-list\">\n<li>Pago de Seguros Sociales superiores al que corresponde en el periodo de liquidaci\u00f3n<\/li>\n\n\n\n<li>Limitaciones por parte de&nbsp;<a href=\"http:\/\/www.seg-social.es\/wps\/portal\/wss\/internet\/InformacionUtil\/5300\/1490\" target=\"_blank\" rel=\"noreferrer noopener nofollow\"><strong>Sistema RED<\/strong><\/a><strong><a href=\"https:\/\/ayudagestorias.es\/glosario\/sistema-red\/\" rel=\"nofollow noopener\" target=\"_blank\">,<\/a><\/strong> al realizar pagos superiores en plazo cargo en cuenta que imposibilitaba su anulaci\u00f3n.<\/li>\n\n\n\n<li>Pagos por situaci\u00f3n de IT comunicadas de forma tard\u00eda por el INSS provocando que el empresario asumiera el coste. Este proceso se ha solventado con el servicio de&nbsp;<em>\u201cSuspensi\u00f3n por prestaci\u00f3n de corta duraci\u00f3n\u201d.<\/em><\/li>\n\n\n\n<li>Pagos duplicados de Seguros Sociales<\/li>\n\n\n\n<li>Por el ingreso de una deuda ya prescrita<\/li>\n<\/ul>\n\n\n\n<h3 class=\"wp-block-heading\">\u00bfQu\u00e9 plazos tengo para solicitar la devoluci\u00f3n de cuotas?<\/h3>\n\n\n\n<p>La TGSS informa que&nbsp;<strong>se dispondr\u00e1 de hasta 4 a\u00f1os<\/strong>, contando a partir del ingreso de la&nbsp;cuota&nbsp;indebida.<\/p>\n\n\n\n<h3 class=\"wp-block-heading\">\u00bfQu\u00e9 pasar\u00eda si el solicitante de la devoluci\u00f3n mantiene una deuda con la Seguridad Social?<\/h3>\n\n\n\n<p>En este caso, la cuant\u00eda de la devoluci\u00f3n pasar\u00e1 a sufragar la deuda con la TGSS en su totalidad, la diferencia, si es positiva, pasar\u00e1 a devolverse al solicitante, en caso contrario, si es negativa, la deuda ser\u00e1 reducida y no se proceder\u00e1 a ninguna devoluci\u00f3n.<\/p>\n\n\n\n<h3 class=\"wp-block-heading\">\u00bfQu\u00e9 plazos tiene la TGSS en devolverme las cuotas ingresadas indebidamente despues de presentar el Modelo TC13\/1?<\/h3>\n\n\n\n<p>La TGSS deber\u00e1 notificar la resoluci\u00f3n en el&nbsp;<strong>plazo m\u00e1ximo de seis meses<\/strong>, contando desde el d\u00eda siguiente de la presentaci\u00f3n de la solicitud. Si, transcurrido los seis meses, y no se disponga de ninguna respuesta por parte de la&nbsp;<strong>Tesorer\u00eda General de la Seguridad Social<\/strong>, podr\u00e1 entenderse como desestimada, seg\u00fan se establece en el n\u00famero&nbsp;<strong>2 del&nbsp;<a href=\"https:\/\/www.boe.es\/buscar\/act.php?id=BOE-A-2004-11836&amp;p=20171025&amp;tn=1#a45\" target=\"_blank\" rel=\"noreferrer noopener nofollow\">art\u00edculo 45 del Reglamento General de Recaudaci\u00f3n de la Seguridad Social<\/a>, aprobado por el Real Decreto 1415\/2004, de 11 de julio<\/strong>, que dice as\u00ed.<\/p>\n\n\n\n<blockquote class=\"wp-block-quote is-layout-flow wp-block-quote-is-layout-flow\">\n<p><strong>Art\u00edculo 45&nbsp;Competencia y plazo de resoluci\u00f3n<\/strong><\/p>\n\n\n\n<p>2.&nbsp;En cualquier caso, la resoluci\u00f3n deber\u00e1 adoptarse y notificarse dentro de los seis meses siguientes a la fecha en que se hubiera completado la documentaci\u00f3n que deba aportar el solicitante de la devoluci\u00f3n. Transcurrido dicho plazo sin que haya reca\u00eddo resoluci\u00f3n expresa, podr\u00e1 entenderse desestimada la solicitud.<\/p>\n<\/blockquote>\n\n\n\n<h2 class=\"wp-block-heading\">\u00bfC\u00f3mo solicitar la devoluci\u00f3n de ingresos indebidos con el Modelo TC13\/1?<\/h2>\n\n\n\n<p>En primera instancia se encuentra el&nbsp;<strong>formulario TC.13\/1<\/strong>&nbsp;y dirigirse a la administraci\u00f3n para entregar la solicitud, pero este procedimiento no se puede garantizar, dado que las Administraciones redirigen a los solicitantes a&nbsp;<strong>realizarlos por Sede Electr\u00f3nica<\/strong>.<\/p>\n\n\n\n<p>Eso s\u00ed, ya sea de manera presencial (que no se garantiza), o por Sede electr\u00f3nica, se deber\u00e1 cumplimentar el&nbsp;<strong>Modelo TC 13\/1.<\/strong><\/p>\n\n\n\n<p><\/p>\n\n\n\n<p>Si necesitas alg\u00fan tipo de asesor\u00eda con los tr\u00e1mites de la Seguridad Social, puedes ponerte en <a href=\"https:\/\/entretramites.com\/en\/contact-form\" target=\"_blank\" rel=\"noreferrer noopener\">contacto con nosotros<\/a>! Siempre es bueno dejar los temas burocr\u00e1ticos en manos de especialistas.<\/p>\n","protected":false},"excerpt":{"rendered":"<p>Descarga el Modelo TC13\/1 oficial en PDF, para realizar la solicitud de devoluci\u00f3n de ingresos indebidos a la Seguridad Social. <\/p>\n","protected":false},"author":3,"featured_media":0,"parent":1092,"menu_order":0,"comment_status":"closed","ping_status":"closed","template":"","meta":{"_acf_changed":false,"footnotes":""},"class_list":["post-1126","page","type-page","status-publish","hentry"],"acf":[],"_links":{"self":[{"href":"https:\/\/entretramites.com\/en\/wp-json\/wp\/v2\/pages\/1126","targetHints":{"allow":["GET"]}}],"collection":[{"href":"https:\/\/entretramites.com\/en\/wp-json\/wp\/v2\/pages"}],"about":[{"href":"https:\/\/entretramites.com\/en\/wp-json\/wp\/v2\/types\/page"}],"author":[{"embeddable":true,"href":"https:\/\/entretramites.com\/en\/wp-json\/wp\/v2\/users\/3"}],"replies":[{"embeddable":true,"href":"https:\/\/entretramites.com\/en\/wp-json\/wp\/v2\/comments?post=1126"}],"version-history":[{"count":7,"href":"https:\/\/entretramites.com\/en\/wp-json\/wp\/v2\/pages\/1126\/revisions"}],"predecessor-version":[{"id":56610,"href":"https:\/\/entretramites.com\/en\/wp-json\/wp\/v2\/pages\/1126\/revisions\/56610"}],"up":[{"embeddable":true,"href":"https:\/\/entretramites.com\/en\/wp-json\/wp\/v2\/pages\/1092"}],"wp:attachment":[{"href":"https:\/\/entretramites.com\/en\/wp-json\/wp\/v2\/media?parent=1126"}],"curies":[{"name":"wp","href":"https:\/\/api.w.org\/{rel}","templated":true}]}}