{"id":1120,"date":"2020-05-05T14:29:28","date_gmt":"2020-05-05T12:29:28","guid":{"rendered":"https:\/\/entretramites.com\/en\/?page_id=1120"},"modified":"2023-11-08T20:05:59","modified_gmt":"2023-11-08T19:05:59","slug":"form-tc1710","status":"publish","type":"page","link":"https:\/\/entretramites.com\/en\/tax-agency-social-security-forms\/form-tc1710","title":{"rendered":"Model TC 17\/10 Deferral of debt with Social Security"},"content":{"rendered":"\n<p>Descarga el <strong>modelo TC 17\/10 <\/strong>oficial en formato PDF, para la solicitud de aplazamiento de la deuda con la Seguridad Social.<\/p>\n\n\n\n<h2 class=\"wp-block-heading\"><strong>\u00bfPara qu\u00e9 sirve el modelo TC 17\/10?<\/strong><\/h2>\n\n\n\n<p>El aplazamiento del pago de deudas con la Seguridad Social es un acto administrativo. Es solicitado por el deudor,donde se autoriza el pago de las deudas de Seguridad Social fuera de plazo reglamentario. <\/p>\n\n\n\n<h2 class=\"wp-block-heading\"><strong>\u00bfCu\u00e1ndo se solicita el modelo TC 17\/10?<\/strong><\/h2>\n\n\n\n<p>Cualquier deuda de Seguridad Social se puede aplazar. Excepto las cuotas correspondientes a las contingencias de accidentes de trabajo y enfermedades profesionales.<\/p>\n\n\n\n<p> Tambi\u00e9n, la aportaci\u00f3n de los trabajadores correspondiente a las cuotas aplazadas, cuando sean trabajadores por cuenta ajena. Deben estar incluidos en el campo de aplicaci\u00f3n de reg\u00edmenes del sistema de la Seguridad Social que prevean tales aportaciones. <\/p>\n\n\n\n<p>El ingreso de dichas cuotas deber\u00e1 efectuarse, si no estuviera ya realizado con anterioridad, en el plazo de un mes desde la fecha de notificaci\u00f3n de la resoluci\u00f3n por la que se conceda el aplazamiento.<\/p>\n\n\n\n<h2 class=\"wp-block-heading\"><strong>\u00bfD\u00f3nde se presenta la solicitud?<\/strong><\/h2>\n\n\n\n<p>El modelo&nbsp; TC 17\/10, permite la solicitud de aplazamiento en el pago de deudas con la Seguridad Social.<\/p>\n\n\n\n<p>El aplazamiento de la deuda se solicita en las&nbsp;<strong>oficinas de la Seguridad Social&nbsp;<\/strong>o en la&nbsp;<strong>Direcci\u00f3n Provincial de la Tesorer\u00eda General de la Seguridad Social<\/strong>&nbsp;de la provincia correspondiente. <\/p>\n\n\n\n<p>Se puede realizar de forma presencial, por correo o de forma online con certificado digital o Sistema <a href=\"https:\/\/entretramites.com\/en\/income-tax\/como-me-registro-en-clave-por-primera-vez\" target=\"_blank\" rel=\"noreferrer noopener\">Cl@ve<\/a> en el&nbsp;<a href=\"https:\/\/sede.seg-social.gob.es\/Sede_1\/OficinadeRegistro\/oficinaderegistro\/index.htm?ssUserText=231604\" rel=\"nofollow noopener\" target=\"_blank\">registro de la Sede Electr\u00f3nica<\/a>&nbsp;de la Seguridad Social mediante la presentaci\u00f3n del&nbsp;<strong>modelo TC 17\/10<\/strong>&nbsp;que aqu\u00ed te puedes descargar.<\/p>\n\n\n\n<p><\/p>\n\n\n\n<p>Si necesitas alg\u00fan tipo de asesor\u00eda con los tr\u00e1mites de la Seguridad Social, puedes ponerte en <a href=\"https:\/\/entretramites.com\/en\/contact-form\" target=\"_blank\" rel=\"noreferrer noopener\">contacto con nosotros<\/a>! Siempre es bueno dejar los temas burocr\u00e1ticos en manos de especialistas.<\/p>\n","protected":false},"excerpt":{"rendered":"<p>Descarga el modelo TC 17\/10 oficial en formato PDF, para la solicitud de aplazamiento de la deuda con la Seguridad Social.<\/p>\n","protected":false},"author":3,"featured_media":0,"parent":1092,"menu_order":0,"comment_status":"closed","ping_status":"closed","template":"","meta":{"_acf_changed":false,"footnotes":""},"class_list":["post-1120","page","type-page","status-publish","hentry"],"acf":[],"_links":{"self":[{"href":"https:\/\/entretramites.com\/en\/wp-json\/wp\/v2\/pages\/1120","targetHints":{"allow":["GET"]}}],"collection":[{"href":"https:\/\/entretramites.com\/en\/wp-json\/wp\/v2\/pages"}],"about":[{"href":"https:\/\/entretramites.com\/en\/wp-json\/wp\/v2\/types\/page"}],"author":[{"embeddable":true,"href":"https:\/\/entretramites.com\/en\/wp-json\/wp\/v2\/users\/3"}],"replies":[{"embeddable":true,"href":"https:\/\/entretramites.com\/en\/wp-json\/wp\/v2\/comments?post=1120"}],"version-history":[{"count":6,"href":"https:\/\/entretramites.com\/en\/wp-json\/wp\/v2\/pages\/1120\/revisions"}],"predecessor-version":[{"id":56607,"href":"https:\/\/entretramites.com\/en\/wp-json\/wp\/v2\/pages\/1120\/revisions\/56607"}],"up":[{"embeddable":true,"href":"https:\/\/entretramites.com\/en\/wp-json\/wp\/v2\/pages\/1092"}],"wp:attachment":[{"href":"https:\/\/entretramites.com\/en\/wp-json\/wp\/v2\/media?parent=1120"}],"curies":[{"name":"wp","href":"https:\/\/api.w.org\/{rel}","templated":true}]}}