{"id":1007,"date":"2020-05-04T11:11:27","date_gmt":"2020-05-04T09:11:27","guid":{"rendered":"https:\/\/entretramites.com\/en\/?page_id=1007"},"modified":"2023-11-08T20:18:32","modified_gmt":"2023-11-08T19:18:32","slug":"employment-bonuses-guide","status":"publish","type":"page","link":"https:\/\/entretramites.com\/en\/downloadables\/work-contracts\/employment-bonuses-guide","title":{"rendered":"Labor Hiring Bonuses: Complete Guide"},"content":{"rendered":"\n<p>The Guide to Labor Hiring Bonuses includes all the <strong>current regulations<\/strong> on hiring incentives.<\/p>\n\n\n\n<p>Aimed at satisfying the <strong>demand for information<\/strong> by users and by the<strong> different agents<\/strong> operating in our labor market, it offers <strong>information structured <\/strong>by type of contract, collective to which the <strong>worker belongs and type of company.<\/strong><\/p>\n\n\n\n<p>Among the <strong>measures being implemented<\/strong> by the government to try to <strong>reduce the unemployment<\/strong> rate are incentives for companies, SMEs and the self-employed to hire workers.<\/p>\n\n\n\n<p>The SEPE has published a document of <strong>updated summary tables <\/strong>with the <strong>outlines of all the bonuses<\/strong> for Labor Contracting and the incentives available at the state level.<\/p>\n\n\n\n<p>Finally, if you need any kind of advice with the <strong>hiring procedures<\/strong>, <strong><a href=\"https:\/\/entretramites.com\/en\/contact-form\" target=\"_blank\" rel=\"noreferrer noopener\">\u00a1you can contact us!<\/a><\/strong> It&#8217;s always good to leave the<strong> bureaucratic issues <\/strong>in the hands of specialists.<\/p>\n","protected":false},"excerpt":{"rendered":"<p>Desc\u00e1rgate la Gu\u00eda de Bonificaciones a la Contrataci\u00f3n Laboral, la cual recoge toda la normativa vigente en materia de incentivos a la contrataci\u00f3n.<\/p>\n","protected":false},"author":3,"featured_media":0,"parent":949,"menu_order":0,"comment_status":"closed","ping_status":"closed","template":"","meta":{"_acf_changed":false,"footnotes":""},"class_list":["post-1007","page","type-page","status-publish","hentry"],"acf":[],"_links":{"self":[{"href":"https:\/\/entretramites.com\/en\/wp-json\/wp\/v2\/pages\/1007","targetHints":{"allow":["GET"]}}],"collection":[{"href":"https:\/\/entretramites.com\/en\/wp-json\/wp\/v2\/pages"}],"about":[{"href":"https:\/\/entretramites.com\/en\/wp-json\/wp\/v2\/types\/page"}],"author":[{"embeddable":true,"href":"https:\/\/entretramites.com\/en\/wp-json\/wp\/v2\/users\/3"}],"replies":[{"embeddable":true,"href":"https:\/\/entretramites.com\/en\/wp-json\/wp\/v2\/comments?post=1007"}],"version-history":[{"count":8,"href":"https:\/\/entretramites.com\/en\/wp-json\/wp\/v2\/pages\/1007\/revisions"}],"predecessor-version":[{"id":56454,"href":"https:\/\/entretramites.com\/en\/wp-json\/wp\/v2\/pages\/1007\/revisions\/56454"}],"up":[{"embeddable":true,"href":"https:\/\/entretramites.com\/en\/wp-json\/wp\/v2\/pages\/949"}],"wp:attachment":[{"href":"https:\/\/entretramites.com\/en\/wp-json\/wp\/v2\/media?parent=1007"}],"curies":[{"name":"wp","href":"https:\/\/api.w.org\/{rel}","templated":true}]}}